{"id":6392,"date":"2025-05-02T15:48:32","date_gmt":"2025-05-02T15:48:32","guid":{"rendered":"https:\/\/kapuatours.cl\/politiques-de-protection-des-donnees\/"},"modified":"2026-04-04T21:16:22","modified_gmt":"2026-04-04T21:16:22","slug":"politiques-de-protection-des-donnees","status":"publish","type":"page","link":"https:\/\/kapuatours.cl\/fr\/politiques-de-protection-des-donnees\/","title":{"rendered":"Politiques de protection des donn\u00e9es"},"content":{"rendered":"\t\t<div data-elementor-type=\"wp-page\" data-elementor-id=\"6392\" class=\"elementor elementor-6392 elementor-5690\" data-elementor-post-type=\"page\">\n\t\t\t\t<div class=\"elementor-element elementor-element-f2f0f8f e-flex e-con-boxed e-con e-parent\" data-id=\"f2f0f8f\" data-element_type=\"container\" data-e-type=\"container\" data-settings=\"{&quot;background_background&quot;:&quot;classic&quot;}\">\n\t\t\t\t\t<div class=\"e-con-inner\">\n\t\t\t\t<div class=\"elementor-element elementor-element-c021398 elementor-widget elementor-widget-heading\" data-id=\"c021398\" data-element_type=\"widget\" data-e-type=\"widget\" data-widget_type=\"heading.default\">\n\t\t\t\t<div class=\"elementor-widget-container\">\n\t\t\t\t\t<p class=\"elementor-heading-title elementor-size-default\">NOS POLITIQUES<\/p>\t\t\t\t<\/div>\n\t\t\t\t<\/div>\n\t\t\t\t<div class=\"elementor-element elementor-element-fe72539 elementor-widget elementor-widget-heading\" data-id=\"fe72539\" data-element_type=\"widget\" data-e-type=\"widget\" data-widget_type=\"heading.default\">\n\t\t\t\t<div class=\"elementor-widget-container\">\n\t\t\t\t\t<h1 class=\"elementor-heading-title elementor-size-default\">Politique de protection des donn\u00e9es<\/h1>\t\t\t\t<\/div>\n\t\t\t\t<\/div>\n\t\t\t\t<div class=\"elementor-element elementor-element-8cbe7d6 elementor-align-center elementor-widget elementor-widget-button\" data-id=\"8cbe7d6\" data-element_type=\"widget\" data-e-type=\"widget\" data-widget_type=\"button.default\">\n\t\t\t\t<div class=\"elementor-widget-container\">\n\t\t\t\t\t\t\t\t\t<div class=\"elementor-button-wrapper\">\n\t\t\t\t\t<a class=\"elementor-button elementor-button-link elementor-size-sm\" href=\"https:\/\/toureasterisland.in\/contacto\/\" target=\"_blank\" rel=\"noopener\">\n\t\t\t\t\t\t<span class=\"elementor-button-content-wrapper\">\n\t\t\t\t\t\t\t\t\t<span class=\"elementor-button-text\">Contact<\/span>\n\t\t\t\t\t<\/span>\n\t\t\t\t\t<\/a>\n\t\t\t\t<\/div>\n\t\t\t\t\t\t\t\t<\/div>\n\t\t\t\t<\/div>\n\t\t\t\t\t<\/div>\n\t\t\t\t<\/div>\n\t\t<div class=\"elementor-element elementor-element-6cd2888 e-flex e-con-boxed e-con e-parent\" data-id=\"6cd2888\" data-element_type=\"container\" data-e-type=\"container\">\n\t\t\t\t\t<div class=\"e-con-inner\">\n\t\t\t\t<div class=\"elementor-element elementor-element-818c0c9 elementor-widget elementor-widget-text-editor\" data-id=\"818c0c9\" data-element_type=\"widget\" data-e-type=\"widget\" data-widget_type=\"text-editor.default\">\n\t\t\t\t<div class=\"elementor-widget-container\">\n\t\t\t\t\t\t\t\t\t<ol><li style=\"font-weight: 400;\" aria-level=\"1\"><b>Collecte des donn\u00e9es :<\/b><span style=\"font-weight: 400;\">  Nous recueillons les donn\u00e9es personnelles n\u00e9cessaires au traitement des r\u00e9servations et \u00e0 la fourniture de services. Il s&rsquo;agit du nom, de l&rsquo;adresse \u00e9lectronique, du num\u00e9ro de t\u00e9l\u00e9phone et des d\u00e9tails de paiement.<\/span><\/li><li style=\"font-weight: 400;\" aria-level=\"1\"><b>Utilisation des donn\u00e9es :<\/b><span style=\"font-weight: 400;\">  Les donn\u00e9es sont utilis\u00e9es exclusivement pour g\u00e9rer les r\u00e9servations, les paiements et la communication avec le client. Elles ne seront pas communiqu\u00e9es \u00e0 des tiers sans le consentement explicite du client, sauf en cas d&rsquo;obligation l\u00e9gale.<\/span><\/li><li style=\"font-weight: 400;\" aria-level=\"1\"><b>S\u00e9curit\u00e9 des donn\u00e9es :<\/b><span style=\"font-weight: 400;\"> Nous mettons en \u0153uvre des mesures de s\u00e9curit\u00e9 pour prot\u00e9ger les donn\u00e9es \u00e0 caract\u00e8re personnel contre l&rsquo;acc\u00e8s, la modification, la divulgation ou la destruction non autoris\u00e9s.<\/span><\/li><li style=\"font-weight: 400;\" aria-level=\"1\"><b>Droits des clients :<\/b><span style=\"font-weight: 400;\">  Les clients disposent d&rsquo;un droit d&rsquo;acc\u00e8s, de rectification et de suppression de leurs donn\u00e9es personnelles. Pour exercer ces droits, vous pouvez nous contacter par l&rsquo;interm\u00e9diaire de notre service client\u00e8le.<\/span><\/li><li style=\"font-weight: 400;\" aria-level=\"1\"><b>Conservation des donn\u00e9es :<\/b><span style=\"font-weight: 400;\"> Nous ne conservons les donn\u00e9es \u00e0 caract\u00e8re personnel qu&rsquo;aussi longtemps que n\u00e9cessaire pour atteindre les objectifs pour lesquels elles ont \u00e9t\u00e9 collect\u00e9es, y compris les obligations l\u00e9gales, comptables ou d&rsquo;\u00e9tablissement de rapports.<\/span><\/li><\/ol><h2>Conditions g\u00e9n\u00e9rales d&rsquo;utilisation<\/h2><ol><li style=\"font-weight: 400;\" aria-level=\"1\"><b>R\u00e9servations :<\/b><span style=\"font-weight: 400;\">  Toutes les r\u00e9servations sont soumises \u00e0 disponibilit\u00e9. La r\u00e9servation sera confirm\u00e9e \u00e0 la r\u00e9ception du paiement int\u00e9gral.<\/span><\/li><li style=\"font-weight: 400;\" aria-level=\"1\"><b>Paiements :<\/b><span style=\"font-weight: 400;\"> Nous acceptons les paiements par virement bancaire, cartes de cr\u00e9dit et autres m\u00e9thodes \u00e9lectroniques.<\/span><\/li><li style=\"font-weight: 400;\" aria-level=\"1\"><b>Responsabilit\u00e9 :<\/b><span style=\"font-weight: 400;\"> Le Tahai Loft n&rsquo;est pas responsable des pertes, dommages ou blessures subis pendant les excursions, sauf en cas de n\u00e9gligence av\u00e9r\u00e9e de la part de l&rsquo;\u00e9tablissement.<\/span><\/li><li style=\"font-weight: 400;\" aria-level=\"1\"><b>Modifications :<\/b><span style=\"font-weight: 400;\">  Nous nous r\u00e9servons le droit de modifier ces politiques \u00e0 tout moment. Tout changement sera notifi\u00e9 aux clients en temps utile.<\/span><\/li><\/ol><p><span style=\"font-weight: 400;\">Pour toute question ou assistance suppl\u00e9mentaire, veuillez nous contacter par l&rsquo;interm\u00e9diaire de notre service client\u00e8le.<\/span><\/p>\t\t\t\t\t\t\t\t<\/div>\n\t\t\t\t<\/div>\n\t\t\t\t\t<\/div>\n\t\t\t\t<\/div>\n\t\t\t\t<\/div>\n\t\t","protected":false},"excerpt":{"rendered":"<p>NOS POLITIQUES Politique de protection des donn\u00e9es Contact Collecte des donn\u00e9es : Nous recueillons les donn\u00e9es personnelles n\u00e9cessaires au traitement [&hellip;]<\/p>\n","protected":false},"author":2,"featured_media":0,"parent":0,"menu_order":0,"comment_status":"closed","ping_status":"closed","template":"","meta":{"_acf_changed":false,"site-sidebar-layout":"no-sidebar","site-content-layout":"","ast-site-content-layout":"full-width-container","site-content-style":"default","site-sidebar-style":"default","ast-global-header-display":"","ast-banner-title-visibility":"","ast-main-header-display":"","ast-hfb-above-header-display":"","ast-hfb-below-header-display":"","ast-hfb-mobile-header-display":"","site-post-title":"disabled","ast-breadcrumbs-content":"","ast-featured-img":"disabled","footer-sml-layout":"","ast-disable-related-posts":"","theme-transparent-header-meta":"","adv-header-id-meta":"","stick-header-meta":"","header-above-stick-meta":"","header-main-stick-meta":"","header-below-stick-meta":"","astra-migrate-meta-layouts":"default","ast-page-background-enabled":"default","ast-page-background-meta":{"desktop":{"background-color":"var(--ast-global-color-5)","background-image":"","background-repeat":"repeat","background-position":"center center","background-size":"auto","background-attachment":"scroll","background-type":"","background-media":"","overlay-type":"","overlay-color":"","overlay-opacity":"","overlay-gradient":""},"tablet":{"background-color":"","background-image":"","background-repeat":"repeat","background-position":"center center","background-size":"auto","background-attachment":"scroll","background-type":"","background-media":"","overlay-type":"","overlay-color":"","overlay-opacity":"","overlay-gradient":""},"mobile":{"background-color":"","background-image":"","background-repeat":"repeat","background-position":"center center","background-size":"auto","background-attachment":"scroll","background-type":"","background-media":"","overlay-type":"","overlay-color":"","overlay-opacity":"","overlay-gradient":""}},"ast-content-background-meta":{"desktop":{"background-color":"var(--ast-global-color-4)","background-image":"","background-repeat":"repeat","background-position":"center center","background-size":"auto","background-attachment":"scroll","background-type":"","background-media":"","overlay-type":"","overlay-color":"","overlay-opacity":"","overlay-gradient":""},"tablet":{"background-color":"var(--ast-global-color-4)","background-image":"","background-repeat":"repeat","background-position":"center center","background-size":"auto","background-attachment":"scroll","background-type":"","background-media":"","overlay-type":"","overlay-color":"","overlay-opacity":"","overlay-gradient":""},"mobile":{"background-color":"var(--ast-global-color-4)","background-image":"","background-repeat":"repeat","background-position":"center center","background-size":"auto","background-attachment":"scroll","background-type":"","background-media":"","overlay-type":"","overlay-color":"","overlay-opacity":"","overlay-gradient":""}},"_joinchat":[],"footnotes":""},"class_list":["post-6392","page","type-page","status-publish","hentry"],"acf":[],"_links":{"self":[{"href":"https:\/\/kapuatours.cl\/fr\/wp-json\/wp\/v2\/pages\/6392","targetHints":{"allow":["GET"]}}],"collection":[{"href":"https:\/\/kapuatours.cl\/fr\/wp-json\/wp\/v2\/pages"}],"about":[{"href":"https:\/\/kapuatours.cl\/fr\/wp-json\/wp\/v2\/types\/page"}],"author":[{"embeddable":true,"href":"https:\/\/kapuatours.cl\/fr\/wp-json\/wp\/v2\/users\/2"}],"replies":[{"embeddable":true,"href":"https:\/\/kapuatours.cl\/fr\/wp-json\/wp\/v2\/comments?post=6392"}],"version-history":[{"count":2,"href":"https:\/\/kapuatours.cl\/fr\/wp-json\/wp\/v2\/pages\/6392\/revisions"}],"predecessor-version":[{"id":7093,"href":"https:\/\/kapuatours.cl\/fr\/wp-json\/wp\/v2\/pages\/6392\/revisions\/7093"}],"wp:attachment":[{"href":"https:\/\/kapuatours.cl\/fr\/wp-json\/wp\/v2\/media?parent=6392"}],"curies":[{"name":"wp","href":"https:\/\/api.w.org\/{rel}","templated":true}]}}