{"id":2328,"date":"2024-09-17T14:02:55","date_gmt":"2024-09-17T14:02:55","guid":{"rendered":"https:\/\/kapuatours.cl\/producto\/excursion-privee-dune-demi-journee-refuges-volcaniques-ancestraux\/"},"modified":"2026-04-04T21:17:20","modified_gmt":"2026-04-04T21:17:20","slug":"excursion-privee-dune-demi-journee-refuges-volcaniques-ancestraux","status":"publish","type":"product","link":"https:\/\/kapuatours.cl\/fr\/producto\/excursion-privee-dune-demi-journee-refuges-volcaniques-ancestraux\/","title":{"rendered":"Excursion priv\u00e9e d&rsquo;une demi-journ\u00e9e : Refuges volcaniques ancestraux"},"content":{"rendered":"<h3>Qu&rsquo;est-ce qui est inclus dans le prix ?<\/h3>\n<p>&nbsp;<\/p>\n<ul>\n<li>Alimentation et boissons<\/li>\n<li>Eau en bouteille<\/li>\n<li>Transport priv\u00e9<\/li>\n<li>Guide autochtone et certifi\u00e9.<\/li>\n<\/ul>\n<h3>Exclusions<\/h3>\n<p>&nbsp;<\/p>\n<ul>\n<li>Droit d&rsquo;entr\u00e9e dans le parc national. Ce droit co\u00fbte 80 USD par personne et donne acc\u00e8s \u00e0 l&rsquo;ensemble du parc national de Rapanui. <\/li>\n<\/ul>\n<h3>Remarques importantes<\/h3>\n<p>&nbsp;<\/p>\n<ul>\n<li>Les animaux sont autoris\u00e9s.<\/li>\n<li>Si\u00e8ges b\u00e9b\u00e9 disponibles<\/li>\n<li>Non accessible aux fauteuils roulants<\/li>\n<li>Non accessible aux poussettes<\/li>\n<li>Pas de transport public \u00e0 proximit\u00e9<\/li>\n<li>Les b\u00e9b\u00e9s ne doivent pas s&rsquo;asseoir sur les genoux.<\/li>\n<li>Nous viendrons vous chercher 15 minutes avant l&rsquo;heure de d\u00e9but de l&rsquo;excursion. Le guide sera muni d&rsquo;une carte d&rsquo;identit\u00e9 afin que nous puissions nous reconna\u00eetre facilement au point de ramassage. <\/li>\n<\/ul>\n<h3>Que dois-je apporter ?<\/h3>\n<p>&nbsp;<\/p>\n<p>Pour la visite des grottes, il est recommand\u00e9 d&rsquo;apporter :<\/p>\n<ol>\n<li>Des chaussures confortables et solides.<\/li>\n<li>Torche ou lampe frontale si vous en avez une (pour les int\u00e9rieurs de grottes sombres)<\/li>\n<li>V\u00eatements l\u00e9gers et respirants.<\/li>\n<li>Protection solaire (cr\u00e8me solaire, chapeau, lunettes de soleil)<\/li>\n<li>De l&rsquo;eau et une petite collation.<\/li>\n<li>Une veste ou un coupe-vent (pour les temp\u00e9ratures plus froides dans la grotte)<\/li>\n<li>Appareil photo ou t\u00e9l\u00e9phone pour les photos.<\/li>\n<\/ol>\n<h3>Politique d&rsquo;annulation<\/h3>\n<p>&nbsp;<\/p>\n<ul>\n<li>Nous facturons 100 % de frais d&rsquo;annulation si vous annulez votre r\u00e9servation un jour ou plus t\u00f4t avant le d\u00e9but de l&rsquo;\u00e9v\u00e9nement.<\/li>\n<li>Nous facturons des frais d&rsquo;annulation de 0% si vous annulez votre r\u00e9servation 1000 jours ou plus avant le d\u00e9but de l&rsquo;\u00e9v\u00e9nement.<\/li>\n<\/ul>\n<h3>Plus d&rsquo;informations<\/h3>\n<p>&nbsp;<\/p>\n<ul>\n<li><strong>Type d&rsquo;exp\u00e9rience :<\/strong> Visite priv\u00e9e \/ Activit\u00e9<\/li>\n<li>R\u00e9servez \u00e0 l<strong>&lsquo;avance :<\/strong> Heure de fermeture des r\u00e9servations : 6 heures<\/li>\n<li><strong>Dur\u00e9e :<\/strong> 3 heures<\/li>\n<li><strong>Difficult\u00e9 :<\/strong> facile<\/li>\n<\/ul>\n","protected":false},"excerpt":{"rendered":"<p>Au cours de cette visite, vous apprendrez l&rsquo;histoire des explorateurs qui avaient pour mission de trouver Rapa Nui depuis l&rsquo;\u00eele mythique de Hiva et comment ils sont \u00e0 l&rsquo;origine de cette belle histoire appel\u00e9e Rapa Nui. Ils sont repr\u00e9sent\u00e9s dans l&rsquo;Ahu Akivi. De plus, notre guide exp\u00e9riment\u00e9 vous emm\u00e8nera dans les grottes o\u00f9 ils vivaient autrefois en communaut\u00e9. Vous serez entour\u00e9 de myst\u00e8re et d&rsquo;aventure. Vous visiterez l&rsquo;endroit o\u00f9 le pukao, qui repr\u00e9sente les cheveux des moais, a \u00e9t\u00e9 fabriqu\u00e9 dans une autre partie de l&rsquo;\u00eele avec une roche diff\u00e9rente.    <\/p>\n","protected":false},"featured_media":2021,"comment_status":"open","ping_status":"closed","template":"","meta":{"_acf_changed":false,"site-sidebar-layout":"default","site-content-layout":"","ast-site-content-layout":"default","site-content-style":"default","site-sidebar-style":"default","ast-global-header-display":"","ast-banner-title-visibility":"","ast-main-header-display":"","ast-hfb-above-header-display":"","ast-hfb-below-header-display":"","ast-hfb-mobile-header-display":"","site-post-title":"","ast-breadcrumbs-content":"","ast-featured-img":"","footer-sml-layout":"","ast-disable-related-posts":"","theme-transparent-header-meta":"default","adv-header-id-meta":"","stick-header-meta":"","header-above-stick-meta":"","header-main-stick-meta":"","header-below-stick-meta":"","astra-migrate-meta-layouts":"set","ast-page-background-enabled":"default","ast-page-background-meta":{"desktop":{"background-color":"var(--ast-global-color-5)","background-image":"","background-repeat":"repeat","background-position":"center center","background-size":"auto","background-attachment":"scroll","background-type":"","background-media":"","overlay-type":"","overlay-color":"","overlay-opacity":"","overlay-gradient":""},"tablet":{"background-color":"","background-image":"","background-repeat":"repeat","background-position":"center center","background-size":"auto","background-attachment":"scroll","background-type":"","background-media":"","overlay-type":"","overlay-color":"","overlay-opacity":"","overlay-gradient":""},"mobile":{"background-color":"","background-image":"","background-repeat":"repeat","background-position":"center center","background-size":"auto","background-attachment":"scroll","background-type":"","background-media":"","overlay-type":"","overlay-color":"","overlay-opacity":"","overlay-gradient":""}},"ast-content-background-meta":{"desktop":{"background-color":"var(--ast-global-color-4)","background-image":"","background-repeat":"repeat","background-position":"center center","background-size":"auto","background-attachment":"scroll","background-type":"","background-media":"","overlay-type":"","overlay-color":"","overlay-opacity":"","overlay-gradient":""},"tablet":{"background-color":"var(--ast-global-color-4)","background-image":"","background-repeat":"repeat","background-position":"center center","background-size":"auto","background-attachment":"scroll","background-type":"","background-media":"","overlay-type":"","overlay-color":"","overlay-opacity":"","overlay-gradient":""},"mobile":{"background-color":"var(--ast-global-color-4)","background-image":"","background-repeat":"repeat","background-position":"center center","background-size":"auto","background-attachment":"scroll","background-type":"","background-media":"","overlay-type":"","overlay-color":"","overlay-opacity":"","overlay-gradient":""}},"_joinchat":[]},"product_brand":[],"product_cat":[51,68],"product_tag":[],"class_list":{"0":"post-2328","1":"product","2":"type-product","3":"status-publish","4":"has-post-thumbnail","6":"product_cat-excursions-dune-demi-journee","7":"product_cat-visites-privees","8":"desktop-align-left","9":"tablet-align-left","10":"mobile-align-left","12":"first","13":"instock","14":"virtual","15":"sold-individually","16":"purchasable","17":"product-type-booking"},"acf":[],"_links":{"self":[{"href":"https:\/\/kapuatours.cl\/fr\/wp-json\/wp\/v2\/product\/2328","targetHints":{"allow":["GET"]}}],"collection":[{"href":"https:\/\/kapuatours.cl\/fr\/wp-json\/wp\/v2\/product"}],"about":[{"href":"https:\/\/kapuatours.cl\/fr\/wp-json\/wp\/v2\/types\/product"}],"replies":[{"embeddable":true,"href":"https:\/\/kapuatours.cl\/fr\/wp-json\/wp\/v2\/comments?post=2328"}],"version-history":[{"count":3,"href":"https:\/\/kapuatours.cl\/fr\/wp-json\/wp\/v2\/product\/2328\/revisions"}],"predecessor-version":[{"id":6929,"href":"https:\/\/kapuatours.cl\/fr\/wp-json\/wp\/v2\/product\/2328\/revisions\/6929"}],"wp:featuredmedia":[{"embeddable":true,"href":"https:\/\/kapuatours.cl\/fr\/wp-json\/wp\/v2\/media\/2021"}],"wp:attachment":[{"href":"https:\/\/kapuatours.cl\/fr\/wp-json\/wp\/v2\/media?parent=2328"}],"wp:term":[{"taxonomy":"product_brand","embeddable":true,"href":"https:\/\/kapuatours.cl\/fr\/wp-json\/wp\/v2\/product_brand?post=2328"},{"taxonomy":"product_cat","embeddable":true,"href":"https:\/\/kapuatours.cl\/fr\/wp-json\/wp\/v2\/product_cat?post=2328"},{"taxonomy":"product_tag","embeddable":true,"href":"https:\/\/kapuatours.cl\/fr\/wp-json\/wp\/v2\/product_tag?post=2328"}],"curies":[{"name":"wp","href":"https:\/\/api.w.org\/{rel}","templated":true}]}}