{"id":2337,"date":"2024-09-17T14:02:38","date_gmt":"2024-09-17T14:02:38","guid":{"rendered":"https:\/\/kapuatours.cl\/producto\/terevaka-randonnee-a-cheval-jusquau-point-le-plus-eleve\/"},"modified":"2026-04-04T21:17:08","modified_gmt":"2026-04-04T21:17:08","slug":"terevaka-randonnee-a-cheval-jusquau-point-le-plus-eleve","status":"publish","type":"product","link":"https:\/\/kapuatours.cl\/fr\/producto\/terevaka-randonnee-a-cheval-jusquau-point-le-plus-eleve\/","title":{"rendered":"Terevaka : Randonn\u00e9e \u00e0 cheval jusqu&rsquo;au point le plus \u00e9lev\u00e9"},"content":{"rendered":"<h3>Qu&rsquo;est-ce qui est inclus dans le prix ?<\/h3>\n<p>&nbsp;<\/p>\n<ul>\n<li>Cheval dress\u00e9<\/li>\n<li>Transport priv\u00e9<\/li>\n<li>\u00c9quipement d&rsquo;\u00e9quitation<\/li>\n<\/ul>\n<h3>Remarques importantes<\/h3>\n<p>&nbsp;<\/p>\n<ul>\n<li>Accessible aux fauteuils roulants.<\/li>\n<li>Accessible aux poussettes.<\/li>\n<li>Les enfants doivent s&rsquo;asseoir sur les genoux.<\/li>\n<li>Si\u00e8ges b\u00e9b\u00e9 disponibles<\/li>\n<li>Ne convient pas aux animaux domestiques<\/li>\n<li>Pas de transport public \u00e0 proximit\u00e9<\/li>\n<li>Accessible aux fauteuils roulants<\/li>\n<li>Non accessible aux fauteuils roulants<\/li>\n<li>Le guide sera pr\u00e9sent 10 minutes avant l&rsquo;heure de d\u00e9part \u00e0 l&rsquo;endroit de votre choix. Notre guide certifi\u00e9 sera muni d&rsquo;une carte d&rsquo;identification avec le nom et le logo de la soci\u00e9t\u00e9 pour une reconnaissance facile. <\/li>\n<\/ul>\n<h3>Que dois-je apporter ?<\/h3>\n<p>&nbsp;<\/p>\n<p>Pour l&rsquo;excursion \u00e0 cheval \u00e0 Terevaka, il est recommand\u00e9 d&rsquo;apporter :<\/p>\n<ul>\n<li>V\u00eatements confortables pour l&rsquo;\u00e9quitation.<\/li>\n<li>Chaussures ferm\u00e9es ou bottes<\/li>\n<li>Protection solaire (cr\u00e8me solaire, chapeau, lunettes de soleil)<\/li>\n<li>Eau et rafra\u00eechissements l\u00e9gers.<\/li>\n<li>une veste ou un coupe-vent (en cas de temps plus frais)<\/li>\n<li>Appareil photo ou t\u00e9l\u00e9phone pour les photos.<\/li>\n<\/ul>\n<h3>Politique d&rsquo;annulation<\/h3>\n<p>&nbsp;<\/p>\n<ul>\n<li>Nous facturons 100 % de frais d&rsquo;annulation si vous annulez votre r\u00e9servation un jour ou plus t\u00f4t avant le d\u00e9but de l&rsquo;\u00e9v\u00e9nement.<\/li>\n<li>Nous facturons des frais d&rsquo;annulation de 0% si vous annulez votre r\u00e9servation 1000 jours ou plus avant le d\u00e9but de l&rsquo;\u00e9v\u00e9nement.<\/li>\n<\/ul>\n<h3>Plus d&rsquo;informations<\/h3>\n<p>&nbsp;<\/p>\n<ul>\n<li><strong>Type d&rsquo;exp\u00e9rience :<\/strong> Visite priv\u00e9e \/ Activit\u00e9<\/li>\n<li><strong>R\u00e9servez \u00e0 l&rsquo;avance :<\/strong> Heure de cl\u00f4ture des r\u00e9servations : 4 heures<\/li>\n<li><strong>Dur\u00e9e :<\/strong> 3h, 30min<\/li>\n<li><strong>Difficult\u00e9 :<\/strong> facile<\/li>\n<\/ul>\n","protected":false},"excerpt":{"rendered":"<p>D\u00e9couvrez la beaut\u00e9 naturelle de l&rsquo;\u00eele de P\u00e2ques lors de notre passionnante excursion \u00e0 cheval jusqu&rsquo;\u00e0 la colline de Terevaka. Avec des vues \u00e9poustouflantes \u00e0 360\u00b0 de l&rsquo;\u00eele, vous b\u00e9n\u00e9ficierez d&rsquo;un panorama incroyable, et vous aurez l&rsquo;occasion de d\u00e9couvrir la culture et l&rsquo;histoire de l&rsquo;\u00eele en compagnie de nos guides autochtones exp\u00e9riment\u00e9s et de leurs chevaux dress\u00e9s. Ne manquez pas cette exp\u00e9rience unique, r\u00e9servez d\u00e8s maintenant pour garder un souvenir inoubliable !   <\/p>\n","protected":false},"featured_media":2085,"comment_status":"open","ping_status":"closed","template":"","meta":{"_acf_changed":false,"site-sidebar-layout":"default","site-content-layout":"","ast-site-content-layout":"default","site-content-style":"default","site-sidebar-style":"default","ast-global-header-display":"","ast-banner-title-visibility":"","ast-main-header-display":"","ast-hfb-above-header-display":"","ast-hfb-below-header-display":"","ast-hfb-mobile-header-display":"","site-post-title":"","ast-breadcrumbs-content":"","ast-featured-img":"","footer-sml-layout":"","ast-disable-related-posts":"","theme-transparent-header-meta":"default","adv-header-id-meta":"","stick-header-meta":"","header-above-stick-meta":"","header-main-stick-meta":"","header-below-stick-meta":"","astra-migrate-meta-layouts":"set","ast-page-background-enabled":"default","ast-page-background-meta":{"desktop":{"background-color":"var(--ast-global-color-5)","background-image":"","background-repeat":"repeat","background-position":"center center","background-size":"auto","background-attachment":"scroll","background-type":"","background-media":"","overlay-type":"","overlay-color":"","overlay-opacity":"","overlay-gradient":""},"tablet":{"background-color":"","background-image":"","background-repeat":"repeat","background-position":"center center","background-size":"auto","background-attachment":"scroll","background-type":"","background-media":"","overlay-type":"","overlay-color":"","overlay-opacity":"","overlay-gradient":""},"mobile":{"background-color":"","background-image":"","background-repeat":"repeat","background-position":"center center","background-size":"auto","background-attachment":"scroll","background-type":"","background-media":"","overlay-type":"","overlay-color":"","overlay-opacity":"","overlay-gradient":""}},"ast-content-background-meta":{"desktop":{"background-color":"var(--ast-global-color-4)","background-image":"","background-repeat":"repeat","background-position":"center center","background-size":"auto","background-attachment":"scroll","background-type":"","background-media":"","overlay-type":"","overlay-color":"","overlay-opacity":"","overlay-gradient":""},"tablet":{"background-color":"var(--ast-global-color-4)","background-image":"","background-repeat":"repeat","background-position":"center center","background-size":"auto","background-attachment":"scroll","background-type":"","background-media":"","overlay-type":"","overlay-color":"","overlay-opacity":"","overlay-gradient":""},"mobile":{"background-color":"var(--ast-global-color-4)","background-image":"","background-repeat":"repeat","background-position":"center center","background-size":"auto","background-attachment":"scroll","background-type":"","background-media":"","overlay-type":"","overlay-color":"","overlay-opacity":"","overlay-gradient":""}},"_joinchat":[]},"product_brand":[],"product_cat":[53,68],"product_tag":[],"class_list":{"0":"post-2337","1":"product","2":"type-product","3":"status-publish","4":"has-post-thumbnail","6":"product_cat-excursions-dune-journee","7":"product_cat-visites-privees","8":"desktop-align-left","9":"tablet-align-left","10":"mobile-align-left","12":"first","13":"instock","14":"virtual","15":"sold-individually","16":"purchasable","17":"product-type-booking"},"acf":[],"_links":{"self":[{"href":"https:\/\/kapuatours.cl\/fr\/wp-json\/wp\/v2\/product\/2337","targetHints":{"allow":["GET"]}}],"collection":[{"href":"https:\/\/kapuatours.cl\/fr\/wp-json\/wp\/v2\/product"}],"about":[{"href":"https:\/\/kapuatours.cl\/fr\/wp-json\/wp\/v2\/types\/product"}],"replies":[{"embeddable":true,"href":"https:\/\/kapuatours.cl\/fr\/wp-json\/wp\/v2\/comments?post=2337"}],"version-history":[{"count":3,"href":"https:\/\/kapuatours.cl\/fr\/wp-json\/wp\/v2\/product\/2337\/revisions"}],"predecessor-version":[{"id":6921,"href":"https:\/\/kapuatours.cl\/fr\/wp-json\/wp\/v2\/product\/2337\/revisions\/6921"}],"wp:featuredmedia":[{"embeddable":true,"href":"https:\/\/kapuatours.cl\/fr\/wp-json\/wp\/v2\/media\/2085"}],"wp:attachment":[{"href":"https:\/\/kapuatours.cl\/fr\/wp-json\/wp\/v2\/media?parent=2337"}],"wp:term":[{"taxonomy":"product_brand","embeddable":true,"href":"https:\/\/kapuatours.cl\/fr\/wp-json\/wp\/v2\/product_brand?post=2337"},{"taxonomy":"product_cat","embeddable":true,"href":"https:\/\/kapuatours.cl\/fr\/wp-json\/wp\/v2\/product_cat?post=2337"},{"taxonomy":"product_tag","embeddable":true,"href":"https:\/\/kapuatours.cl\/fr\/wp-json\/wp\/v2\/product_tag?post=2337"}],"curies":[{"name":"wp","href":"https:\/\/api.w.org\/{rel}","templated":true}]}}