{"id":2382,"date":"2024-09-17T14:02:40","date_gmt":"2024-09-17T14:02:40","guid":{"rendered":"https:\/\/kapuatours.cl\/producto\/la-peche-ancestrale-avec-les-pecheurs-autochtones\/"},"modified":"2026-04-04T21:17:10","modified_gmt":"2026-04-04T21:17:10","slug":"la-peche-ancestrale-avec-les-pecheurs-autochtones","status":"publish","type":"product","link":"https:\/\/kapuatours.cl\/fr\/producto\/la-peche-ancestrale-avec-les-pecheurs-autochtones\/","title":{"rendered":"La p\u00eache ancestrale avec les p\u00eacheurs autochtones"},"content":{"rendered":"<h3>Qu&rsquo;est-ce qui est inclus dans le prix ?<\/h3>\n<p>&nbsp;<\/p>\n<ul>\n<li>Transport priv\u00e9<\/li>\n<li>Utilisation de l&rsquo;\u00e9quipement de plong\u00e9e en apn\u00e9e.<\/li>\n<li>Gilet de sauvetage<\/li>\n<\/ul>\n<h3>Remarques importantes<\/h3>\n<p>&nbsp;<\/p>\n<ul>\n<li>Accessible aux fauteuils roulants.<\/li>\n<li>Accessible aux poussettes.<\/li>\n<li>Les enfants doivent s&rsquo;asseoir sur les genoux.<\/li>\n<li>Ne convient pas aux animaux domestiques<\/li>\n<li>Pas de transport public \u00e0 proximit\u00e9<\/li>\n<li>Si\u00e8ges b\u00e9b\u00e9 non disponibles<\/li>\n<li>Accessible aux fauteuils roulants<\/li>\n<li>Non accessible aux fauteuils roulants<\/li>\n<li>Nous viendrons vous chercher \u00e0 votre h\u00f4tel ou lieu d&rsquo;h\u00e9bergement 10 minutes avant l&rsquo;heure pr\u00e9vue. Le guide portera une carte d&rsquo;identification avec le logo et le nom de la soci\u00e9t\u00e9 pour faciliter son identification. <\/li>\n<\/ul>\n<h3>Que dois-je apporter ?<\/h3>\n<p>&nbsp;<\/p>\n<p>Pour la visite de Motus, il est recommand\u00e9 d&rsquo;apporter :<\/p>\n<ul>\n<li>V\u00eatements l\u00e9gers et confortables.<\/li>\n<li>Protection solaire (cr\u00e8me solaire, chapeau et lunettes de soleil)<\/li>\n<li>Eau et en-cas<\/li>\n<li>Appareil photo ou t\u00e9l\u00e9phone pour les photos.<\/li>\n<li>Serviette et maillot de bain (si la baignade est autoris\u00e9e)<\/li>\n<li>Coupe-vent ou veste l\u00e9g\u00e8re (pour la brise de mer)<\/li>\n<\/ul>\n<h3>Politique d&rsquo;annulation<\/h3>\n<p>&nbsp;<\/p>\n<ul>\n<li>Nous facturons 100 % de frais d&rsquo;annulation si vous annulez votre r\u00e9servation un jour ou plus t\u00f4t avant le d\u00e9but de l&rsquo;\u00e9v\u00e9nement.<\/li>\n<li>Nous facturons des frais d&rsquo;annulation de 0% si vous annulez votre r\u00e9servation 1000 jours ou plus avant le d\u00e9but de l&rsquo;\u00e9v\u00e9nement.<\/li>\n<\/ul>\n<h3>Plus d&rsquo;informations<\/h3>\n<p>&nbsp;<\/p>\n<ul>\n<li><strong>Type d&rsquo;exp\u00e9rience :<\/strong> Visite priv\u00e9e \/ Activit\u00e9<\/li>\n<li><strong>R\u00e9servez \u00e0 l&rsquo;avance :<\/strong> Heure de cl\u00f4ture des r\u00e9servations : 4 heures<\/li>\n<li><strong>Dur\u00e9e :<\/strong> 2h, 30min<\/li>\n<li><strong>Difficult\u00e9 :<\/strong> facile<\/li>\n<\/ul>\n","protected":false},"excerpt":{"rendered":"<p>Cette excursion est encadr\u00e9e par des p\u00eacheurs autochtones et des experts en mati\u00e8re de p\u00eache, de plong\u00e9e et de chasse. En outre, vous d\u00e9couvrirez l&rsquo;histoire du Tangata Manu (homme-oiseau), et vivrez l&rsquo;exp\u00e9rience de plonger au milieu de l&rsquo;oc\u00e9an pour profiter des coraux et des poissons qui entourent l&rsquo;endroit, tout en faisant de la plong\u00e9e avec masque et tuba avec l&rsquo;\u00e9quipement fourni par nos guides&#8230; .<br \/>\nLors de la visite de l&rsquo;\u00eele depuis la mer, notre guide vous donnera des informations historiques sur la culture Rapa Nui, ainsi que des informations sur la faune indig\u00e8ne et sauvage de l&rsquo;\u00eele dans son habitat naturel.<br \/>\nEnfin, si votre guide sent qu&rsquo;il y a du poisson \u00e0 proximit\u00e9, il peut vous faire une d\u00e9monstration de p\u00eache \u00e0 l&rsquo;ancienne.<\/p>\n","protected":false},"featured_media":2041,"comment_status":"open","ping_status":"closed","template":"","meta":{"_acf_changed":false,"site-sidebar-layout":"default","site-content-layout":"","ast-site-content-layout":"default","site-content-style":"default","site-sidebar-style":"default","ast-global-header-display":"","ast-banner-title-visibility":"","ast-main-header-display":"","ast-hfb-above-header-display":"","ast-hfb-below-header-display":"","ast-hfb-mobile-header-display":"","site-post-title":"","ast-breadcrumbs-content":"","ast-featured-img":"","footer-sml-layout":"","ast-disable-related-posts":"","theme-transparent-header-meta":"default","adv-header-id-meta":"","stick-header-meta":"","header-above-stick-meta":"","header-main-stick-meta":"","header-below-stick-meta":"","astra-migrate-meta-layouts":"set","ast-page-background-enabled":"default","ast-page-background-meta":{"desktop":{"background-color":"var(--ast-global-color-5)","background-image":"","background-repeat":"repeat","background-position":"center center","background-size":"auto","background-attachment":"scroll","background-type":"","background-media":"","overlay-type":"","overlay-color":"","overlay-opacity":"","overlay-gradient":""},"tablet":{"background-color":"","background-image":"","background-repeat":"repeat","background-position":"center center","background-size":"auto","background-attachment":"scroll","background-type":"","background-media":"","overlay-type":"","overlay-color":"","overlay-opacity":"","overlay-gradient":""},"mobile":{"background-color":"","background-image":"","background-repeat":"repeat","background-position":"center center","background-size":"auto","background-attachment":"scroll","background-type":"","background-media":"","overlay-type":"","overlay-color":"","overlay-opacity":"","overlay-gradient":""}},"ast-content-background-meta":{"desktop":{"background-color":"var(--ast-global-color-4)","background-image":"","background-repeat":"repeat","background-position":"center center","background-size":"auto","background-attachment":"scroll","background-type":"","background-media":"","overlay-type":"","overlay-color":"","overlay-opacity":"","overlay-gradient":""},"tablet":{"background-color":"var(--ast-global-color-4)","background-image":"","background-repeat":"repeat","background-position":"center center","background-size":"auto","background-attachment":"scroll","background-type":"","background-media":"","overlay-type":"","overlay-color":"","overlay-opacity":"","overlay-gradient":""},"mobile":{"background-color":"var(--ast-global-color-4)","background-image":"","background-repeat":"repeat","background-position":"center center","background-size":"auto","background-attachment":"scroll","background-type":"","background-media":"","overlay-type":"","overlay-color":"","overlay-opacity":"","overlay-gradient":""}},"_joinchat":[]},"product_brand":[],"product_cat":[51,68],"product_tag":[],"class_list":{"0":"post-2382","1":"product","2":"type-product","3":"status-publish","4":"has-post-thumbnail","6":"product_cat-excursions-dune-demi-journee","7":"product_cat-visites-privees","8":"desktop-align-left","9":"tablet-align-left","10":"mobile-align-left","12":"first","13":"instock","14":"virtual","15":"sold-individually","16":"purchasable","17":"product-type-booking"},"acf":[],"_links":{"self":[{"href":"https:\/\/kapuatours.cl\/fr\/wp-json\/wp\/v2\/product\/2382","targetHints":{"allow":["GET"]}}],"collection":[{"href":"https:\/\/kapuatours.cl\/fr\/wp-json\/wp\/v2\/product"}],"about":[{"href":"https:\/\/kapuatours.cl\/fr\/wp-json\/wp\/v2\/types\/product"}],"replies":[{"embeddable":true,"href":"https:\/\/kapuatours.cl\/fr\/wp-json\/wp\/v2\/comments?post=2382"}],"version-history":[{"count":3,"href":"https:\/\/kapuatours.cl\/fr\/wp-json\/wp\/v2\/product\/2382\/revisions"}],"predecessor-version":[{"id":6922,"href":"https:\/\/kapuatours.cl\/fr\/wp-json\/wp\/v2\/product\/2382\/revisions\/6922"}],"wp:featuredmedia":[{"embeddable":true,"href":"https:\/\/kapuatours.cl\/fr\/wp-json\/wp\/v2\/media\/2041"}],"wp:attachment":[{"href":"https:\/\/kapuatours.cl\/fr\/wp-json\/wp\/v2\/media?parent=2382"}],"wp:term":[{"taxonomy":"product_brand","embeddable":true,"href":"https:\/\/kapuatours.cl\/fr\/wp-json\/wp\/v2\/product_brand?post=2382"},{"taxonomy":"product_cat","embeddable":true,"href":"https:\/\/kapuatours.cl\/fr\/wp-json\/wp\/v2\/product_cat?post=2382"},{"taxonomy":"product_tag","embeddable":true,"href":"https:\/\/kapuatours.cl\/fr\/wp-json\/wp\/v2\/product_tag?post=2382"}],"curies":[{"name":"wp","href":"https:\/\/api.w.org\/{rel}","templated":true}]}}