{"id":2444,"date":"2024-09-17T14:02:42","date_gmt":"2024-09-17T14:02:42","guid":{"rendered":"https:\/\/kapuatours.cl\/producto\/excursion-privee-dune-journee-promenade-dans-la-zone-abandonnee-de-poike\/"},"modified":"2026-04-04T21:17:16","modified_gmt":"2026-04-04T21:17:16","slug":"excursion-privee-dune-journee-promenade-dans-la-zone-abandonnee-de-poike","status":"publish","type":"product","link":"https:\/\/kapuatours.cl\/fr\/producto\/excursion-privee-dune-journee-promenade-dans-la-zone-abandonnee-de-poike\/","title":{"rendered":"Excursion priv\u00e9e d&rsquo;une journ\u00e9e : Promenade dans la zone abandonn\u00e9e de Poike"},"content":{"rendered":"<h3>Qu&rsquo;est-ce qui est inclus dans le prix ?<\/h3>\n<p>&nbsp;<\/p>\n<ul>\n<li>Alimentation et boissons<\/li>\n<li>Transport priv\u00e9 Guide indig\u00e8ne certifi\u00e9 et exp\u00e9riment\u00e9.<\/li>\n<li>Eau en bouteille<\/li>\n<\/ul>\n<h3>Remarques importantes<\/h3>\n<p>&nbsp;<\/p>\n<ul>\n<li>Les animaux sont autoris\u00e9s.<\/li>\n<li>Si\u00e8ges b\u00e9b\u00e9 disponibles<\/li>\n<li>Non accessible aux fauteuils roulants<\/li>\n<li>Non accessible aux poussettes<\/li>\n<li>Pas de transport public \u00e0 proximit\u00e9<\/li>\n<li>Les b\u00e9b\u00e9s ne doivent pas s&rsquo;asseoir sur les genoux.<\/li>\n<li>Nous viendrons vous chercher \u00e0 votre h\u00f4tel ou lieu d&rsquo;h\u00e9bergement 15 \u00e0 10 minutes avant l&rsquo;heure pr\u00e9vue. Le guide portera une carte d&rsquo;identification avec le logo et le nom de la soci\u00e9t\u00e9 pour faciliter son identification. <\/li>\n<\/ul>\n<h3>Que dois-je apporter ?<\/h3>\n<p>&nbsp;<\/p>\n<ul>\n<li>Des chaussures de marche confortables.<\/li>\n<li>V\u00eatements l\u00e9gers et respirants.<\/li>\n<li>Protection solaire (cr\u00e8me solaire, chapeau, lunettes de soleil)<\/li>\n<li>Eau et en-cas<\/li>\n<li>Un coupe-vent ou une veste (pour les conditions m\u00e9t\u00e9orologiques variables)<\/li>\n<li>Appareil photo ou t\u00e9l\u00e9phone pour les photos.<\/li>\n<\/ul>\n<h3>Politique d&rsquo;annulation<\/h3>\n<p>&nbsp;<\/p>\n<ul>\n<li>Nous facturons 100 % de frais d&rsquo;annulation si vous annulez votre r\u00e9servation un jour ou plus t\u00f4t avant le d\u00e9but de l&rsquo;\u00e9v\u00e9nement.<\/li>\n<li>Nous facturons des frais d&rsquo;annulation de 0% si vous annulez votre r\u00e9servation 1000 jours ou plus avant le d\u00e9but de l&rsquo;\u00e9v\u00e9nement.<\/li>\n<\/ul>\n<h3>Plus d&rsquo;informations<\/h3>\n<p>&nbsp;<\/p>\n<ul>\n<li><strong>Type d&rsquo;exp\u00e9rience :<\/strong> Visite priv\u00e9e \/ Activit\u00e9<\/li>\n<li><strong>R\u00e9servez \u00e0 l&rsquo;avance :<\/strong> Heure de cl\u00f4ture des r\u00e9servations : 4 heures<\/li>\n<li><strong>Dur\u00e9e :<\/strong> 4h, 30min<\/li>\n<li><strong>Difficult\u00e9 :<\/strong> moyenne<\/li>\n<\/ul>\n","protected":false},"excerpt":{"rendered":"<p>Lors de cette myst\u00e9rieuse excursion, vous atteindrez la zone la plus recul\u00e9e et la plus abandonn\u00e9e de Rapa Nui. En outre, avec nos guides exp\u00e9riment\u00e9s, vous ferez l&rsquo;exp\u00e9rience de ce que peu de Rapa Nui connaissent, comme les cuisines ancestrales, les grottes, les moais, les collines, entre autres. Pr\u00e9parez-vous \u00e0 d\u00e9couvrir l&rsquo;histoire sans intervention et \u00e0 \u00eatre surpris par l&rsquo;\u00e9nigme du Poike. Cette excursion est la seule qui vous garantira que vous avez vraiment connu Rapa Nui&#8230;   <\/p>\n","protected":false},"featured_media":2107,"comment_status":"open","ping_status":"closed","template":"","meta":{"_acf_changed":false,"site-sidebar-layout":"default","site-content-layout":"","ast-site-content-layout":"default","site-content-style":"default","site-sidebar-style":"default","ast-global-header-display":"","ast-banner-title-visibility":"","ast-main-header-display":"","ast-hfb-above-header-display":"","ast-hfb-below-header-display":"","ast-hfb-mobile-header-display":"","site-post-title":"","ast-breadcrumbs-content":"","ast-featured-img":"","footer-sml-layout":"","ast-disable-related-posts":"","theme-transparent-header-meta":"default","adv-header-id-meta":"","stick-header-meta":"","header-above-stick-meta":"","header-main-stick-meta":"","header-below-stick-meta":"","astra-migrate-meta-layouts":"set","ast-page-background-enabled":"default","ast-page-background-meta":{"desktop":{"background-color":"var(--ast-global-color-5)","background-image":"","background-repeat":"repeat","background-position":"center center","background-size":"auto","background-attachment":"scroll","background-type":"","background-media":"","overlay-type":"","overlay-color":"","overlay-opacity":"","overlay-gradient":""},"tablet":{"background-color":"","background-image":"","background-repeat":"repeat","background-position":"center center","background-size":"auto","background-attachment":"scroll","background-type":"","background-media":"","overlay-type":"","overlay-color":"","overlay-opacity":"","overlay-gradient":""},"mobile":{"background-color":"","background-image":"","background-repeat":"repeat","background-position":"center center","background-size":"auto","background-attachment":"scroll","background-type":"","background-media":"","overlay-type":"","overlay-color":"","overlay-opacity":"","overlay-gradient":""}},"ast-content-background-meta":{"desktop":{"background-color":"var(--ast-global-color-4)","background-image":"","background-repeat":"repeat","background-position":"center center","background-size":"auto","background-attachment":"scroll","background-type":"","background-media":"","overlay-type":"","overlay-color":"","overlay-opacity":"","overlay-gradient":""},"tablet":{"background-color":"var(--ast-global-color-4)","background-image":"","background-repeat":"repeat","background-position":"center center","background-size":"auto","background-attachment":"scroll","background-type":"","background-media":"","overlay-type":"","overlay-color":"","overlay-opacity":"","overlay-gradient":""},"mobile":{"background-color":"var(--ast-global-color-4)","background-image":"","background-repeat":"repeat","background-position":"center center","background-size":"auto","background-attachment":"scroll","background-type":"","background-media":"","overlay-type":"","overlay-color":"","overlay-opacity":"","overlay-gradient":""}},"_joinchat":[]},"product_brand":[],"product_cat":[53,68],"product_tag":[],"class_list":{"0":"post-2444","1":"product","2":"type-product","3":"status-publish","4":"has-post-thumbnail","6":"product_cat-excursions-dune-journee","7":"product_cat-visites-privees","8":"desktop-align-left","9":"tablet-align-left","10":"mobile-align-left","12":"first","13":"instock","14":"virtual","15":"sold-individually","16":"purchasable","17":"product-type-booking"},"acf":[],"_links":{"self":[{"href":"https:\/\/kapuatours.cl\/fr\/wp-json\/wp\/v2\/product\/2444","targetHints":{"allow":["GET"]}}],"collection":[{"href":"https:\/\/kapuatours.cl\/fr\/wp-json\/wp\/v2\/product"}],"about":[{"href":"https:\/\/kapuatours.cl\/fr\/wp-json\/wp\/v2\/types\/product"}],"replies":[{"embeddable":true,"href":"https:\/\/kapuatours.cl\/fr\/wp-json\/wp\/v2\/comments?post=2444"}],"version-history":[{"count":3,"href":"https:\/\/kapuatours.cl\/fr\/wp-json\/wp\/v2\/product\/2444\/revisions"}],"predecessor-version":[{"id":6923,"href":"https:\/\/kapuatours.cl\/fr\/wp-json\/wp\/v2\/product\/2444\/revisions\/6923"}],"wp:featuredmedia":[{"embeddable":true,"href":"https:\/\/kapuatours.cl\/fr\/wp-json\/wp\/v2\/media\/2107"}],"wp:attachment":[{"href":"https:\/\/kapuatours.cl\/fr\/wp-json\/wp\/v2\/media?parent=2444"}],"wp:term":[{"taxonomy":"product_brand","embeddable":true,"href":"https:\/\/kapuatours.cl\/fr\/wp-json\/wp\/v2\/product_brand?post=2444"},{"taxonomy":"product_cat","embeddable":true,"href":"https:\/\/kapuatours.cl\/fr\/wp-json\/wp\/v2\/product_cat?post=2444"},{"taxonomy":"product_tag","embeddable":true,"href":"https:\/\/kapuatours.cl\/fr\/wp-json\/wp\/v2\/product_tag?post=2444"}],"curies":[{"name":"wp","href":"https:\/\/api.w.org\/{rel}","templated":true}]}}