{"id":2451,"date":"2024-09-17T14:02:48","date_gmt":"2024-09-17T14:02:48","guid":{"rendered":"https:\/\/kapuatours.cl\/producto\/journee-complete-de-visite-privee-des-grottes-ancestrales-et-du-dernier-village-dorongo\/"},"modified":"2026-04-04T21:17:16","modified_gmt":"2026-04-04T21:17:16","slug":"journee-complete-de-visite-privee-des-grottes-ancestrales-et-du-dernier-village-dorongo","status":"publish","type":"product","link":"https:\/\/kapuatours.cl\/fr\/producto\/journee-complete-de-visite-privee-des-grottes-ancestrales-et-du-dernier-village-dorongo\/","title":{"rendered":"Journ\u00e9e compl\u00e8te de visite priv\u00e9e des grottes ancestrales et du dernier village d&rsquo;Orongo"},"content":{"rendered":"<h3>Qu&rsquo;est-ce qui est inclus dans le prix ?<\/h3>\n<p>&nbsp;<\/p>\n<ul>\n<li>Transport priv\u00e9<\/li>\n<li>Guide autochtone et certifi\u00e9.<\/li>\n<\/ul>\n<h3>Exclusions<\/h3>\n<p>&nbsp;<\/p>\n<ul>\n<li>Alimentation et boissons<\/li>\n<li>D\u00e9jeuner<\/li>\n<\/ul>\n<h3>Remarques importantes<\/h3>\n<p>&nbsp;<\/p>\n<ul>\n<li>Accessible aux poussettes.<\/li>\n<li>Les animaux sont autoris\u00e9s.<\/li>\n<li>Si\u00e8ges b\u00e9b\u00e9 disponibles<\/li>\n<li>Non accessible aux fauteuils roulants<\/li>\n<li>Pas de transport public \u00e0 proximit\u00e9<\/li>\n<li>Les b\u00e9b\u00e9s ne doivent pas s&rsquo;asseoir sur les genoux.<\/li>\n<li>Vous devez acheter un billet d&rsquo;entr\u00e9e au parc.<\/li>\n<li>Le guide vous accompagnera pour acheter le billet ou vous pouvez l&rsquo;acheter directement sur le site web que nous vous enverrons par le biais de la plateforme ou de WhatsApp.<\/li>\n<li>Nous vous contacterons la veille pour coordonner la prise en charge et en savoir un peu plus sur vous pour commencer le voyage.<\/li>\n<\/ul>\n<h3>Politique d&rsquo;annulation<\/h3>\n<p>&nbsp;<\/p>\n<ul>\n<li>Nous facturons 100 % de frais d&rsquo;annulation si vous annulez votre r\u00e9servation un jour ou plus t\u00f4t avant le d\u00e9but de l&rsquo;\u00e9v\u00e9nement.<\/li>\n<li>Nous facturons des frais d&rsquo;annulation de 0% si vous annulez votre r\u00e9servation 1000 jours ou plus avant le d\u00e9but de l&rsquo;\u00e9v\u00e9nement.<\/li>\n<\/ul>\n<h3>Plus d&rsquo;informations<\/h3>\n<p>&nbsp;<\/p>\n<ul>\n<li><strong>Type d&rsquo;exp\u00e9rience :<\/strong> Visite priv\u00e9e \/ Activit\u00e9<\/li>\n<li><strong>R\u00e9servez \u00e0 l&rsquo;avance :<\/strong> Heure de cl\u00f4ture des r\u00e9servations : 5 heures<\/li>\n<li><strong>Dur\u00e9e :<\/strong> 5 heures<\/li>\n<li><strong>Difficult\u00e9 :<\/strong> facile<\/li>\n<\/ul>\n","protected":false},"excerpt":{"rendered":"<p>Une visite incontournable d&rsquo;une journ\u00e9e compl\u00e8te qui met en lumi\u00e8re les points les plus importants de la derni\u00e8re civilisation de cette \u00eele. Vous visiterez le village c\u00e9r\u00e9moniel d&rsquo;Orongo, o\u00f9 se tenait la comp\u00e9tition Tangata Manu (homme-oiseau), pour d\u00e9couvrir l&rsquo;histoire de la civilisation, ses vestiges arch\u00e9ologiques et historiques et son comportement social. Vous apprendrez \u00e9galement comment vivait l&rsquo;ancienne civilisation en visitant l&rsquo;une des plus grandes grottes de Rapa Nui. Vous y trouverez d&rsquo;importants vestiges arch\u00e9ologiques. Plongez dans l&rsquo;ancienne culture de l&rsquo;\u00eele de P\u00e2ques, d\u00e9couvrez ses secrets, sa culture et son histoire et laissez-vous surprendre par ce lieu incroyable et mythique.    <\/p>\n","protected":false},"featured_media":2037,"comment_status":"open","ping_status":"closed","template":"","meta":{"_acf_changed":false,"site-sidebar-layout":"default","site-content-layout":"","ast-site-content-layout":"default","site-content-style":"default","site-sidebar-style":"default","ast-global-header-display":"","ast-banner-title-visibility":"","ast-main-header-display":"","ast-hfb-above-header-display":"","ast-hfb-below-header-display":"","ast-hfb-mobile-header-display":"","site-post-title":"","ast-breadcrumbs-content":"","ast-featured-img":"","footer-sml-layout":"","ast-disable-related-posts":"","theme-transparent-header-meta":"default","adv-header-id-meta":"","stick-header-meta":"","header-above-stick-meta":"","header-main-stick-meta":"","header-below-stick-meta":"","astra-migrate-meta-layouts":"set","ast-page-background-enabled":"default","ast-page-background-meta":{"desktop":{"background-color":"var(--ast-global-color-5)","background-image":"","background-repeat":"repeat","background-position":"center center","background-size":"auto","background-attachment":"scroll","background-type":"","background-media":"","overlay-type":"","overlay-color":"","overlay-opacity":"","overlay-gradient":""},"tablet":{"background-color":"","background-image":"","background-repeat":"repeat","background-position":"center center","background-size":"auto","background-attachment":"scroll","background-type":"","background-media":"","overlay-type":"","overlay-color":"","overlay-opacity":"","overlay-gradient":""},"mobile":{"background-color":"","background-image":"","background-repeat":"repeat","background-position":"center center","background-size":"auto","background-attachment":"scroll","background-type":"","background-media":"","overlay-type":"","overlay-color":"","overlay-opacity":"","overlay-gradient":""}},"ast-content-background-meta":{"desktop":{"background-color":"var(--ast-global-color-4)","background-image":"","background-repeat":"repeat","background-position":"center center","background-size":"auto","background-attachment":"scroll","background-type":"","background-media":"","overlay-type":"","overlay-color":"","overlay-opacity":"","overlay-gradient":""},"tablet":{"background-color":"var(--ast-global-color-4)","background-image":"","background-repeat":"repeat","background-position":"center center","background-size":"auto","background-attachment":"scroll","background-type":"","background-media":"","overlay-type":"","overlay-color":"","overlay-opacity":"","overlay-gradient":""},"mobile":{"background-color":"var(--ast-global-color-4)","background-image":"","background-repeat":"repeat","background-position":"center center","background-size":"auto","background-attachment":"scroll","background-type":"","background-media":"","overlay-type":"","overlay-color":"","overlay-opacity":"","overlay-gradient":""}},"_joinchat":[]},"product_brand":[],"product_cat":[53,68],"product_tag":[],"class_list":{"0":"post-2451","1":"product","2":"type-product","3":"status-publish","4":"has-post-thumbnail","6":"product_cat-excursions-dune-journee","7":"product_cat-visites-privees","8":"desktop-align-left","9":"tablet-align-left","10":"mobile-align-left","12":"first","13":"instock","14":"virtual","15":"sold-individually","16":"purchasable","17":"product-type-booking"},"acf":[],"_links":{"self":[{"href":"https:\/\/kapuatours.cl\/fr\/wp-json\/wp\/v2\/product\/2451","targetHints":{"allow":["GET"]}}],"collection":[{"href":"https:\/\/kapuatours.cl\/fr\/wp-json\/wp\/v2\/product"}],"about":[{"href":"https:\/\/kapuatours.cl\/fr\/wp-json\/wp\/v2\/types\/product"}],"replies":[{"embeddable":true,"href":"https:\/\/kapuatours.cl\/fr\/wp-json\/wp\/v2\/comments?post=2451"}],"version-history":[{"count":3,"href":"https:\/\/kapuatours.cl\/fr\/wp-json\/wp\/v2\/product\/2451\/revisions"}],"predecessor-version":[{"id":6926,"href":"https:\/\/kapuatours.cl\/fr\/wp-json\/wp\/v2\/product\/2451\/revisions\/6926"}],"wp:featuredmedia":[{"embeddable":true,"href":"https:\/\/kapuatours.cl\/fr\/wp-json\/wp\/v2\/media\/2037"}],"wp:attachment":[{"href":"https:\/\/kapuatours.cl\/fr\/wp-json\/wp\/v2\/media?parent=2451"}],"wp:term":[{"taxonomy":"product_brand","embeddable":true,"href":"https:\/\/kapuatours.cl\/fr\/wp-json\/wp\/v2\/product_brand?post=2451"},{"taxonomy":"product_cat","embeddable":true,"href":"https:\/\/kapuatours.cl\/fr\/wp-json\/wp\/v2\/product_cat?post=2451"},{"taxonomy":"product_tag","embeddable":true,"href":"https:\/\/kapuatours.cl\/fr\/wp-json\/wp\/v2\/product_tag?post=2451"}],"curies":[{"name":"wp","href":"https:\/\/api.w.org\/{rel}","templated":true}]}}