{"id":2475,"date":"2024-09-17T14:02:52","date_gmt":"2024-09-17T14:02:52","guid":{"rendered":"https:\/\/kapuatours.cl\/producto\/visite-privee-de-la-fabrique-de-moai\/"},"modified":"2026-04-04T21:17:19","modified_gmt":"2026-04-04T21:17:19","slug":"visite-privee-de-la-fabrique-de-moai","status":"publish","type":"product","link":"https:\/\/kapuatours.cl\/fr\/producto\/visite-privee-de-la-fabrique-de-moai\/","title":{"rendered":"Visite priv\u00e9e de la fabrique de Moai"},"content":{"rendered":"<h3>Qu&rsquo;est-ce qui est inclus dans le prix ?<\/h3>\n<p>&nbsp;<\/p>\n<ul>\n<li>Transport priv\u00e9<\/li>\n<li>Guide autochtone et certifi\u00e9.<\/li>\n<\/ul>\n<h3>Exclusions<\/h3>\n<p>&nbsp;<\/p>\n<ul>\n<li>Alimentation et boissons<\/li>\n<li>Frais d&rsquo;entr\u00e9e dans le parc national. Cela co\u00fbte environ 80 dollars par personne. <\/li>\n<li>D\u00e9jeuner<\/li>\n<li>En-cas<\/li>\n<\/ul>\n<h3>Remarques importantes<\/h3>\n<p>&nbsp;<\/p>\n<ul>\n<li>Accessible aux fauteuils roulants.<\/li>\n<li>Accessible aux poussettes.<\/li>\n<li>Les animaux sont autoris\u00e9s.<\/li>\n<li>Les enfants doivent s&rsquo;asseoir sur les genoux.<\/li>\n<li>Si\u00e8ges b\u00e9b\u00e9 disponibles<\/li>\n<li>Pas de transport public \u00e0 proximit\u00e9<\/li>\n<li>Accessible aux fauteuils roulants<\/li>\n<li>Pour acc\u00e9der \u00e0 nos circuits, nous n&rsquo;aurons besoin que de la confirmation du paiement de la plateforme. Pour les billets d&rsquo;entr\u00e9e au parc national, nous pouvons vous accompagner pour obtenir vos billets au bureau du parc, mais il est de la responsabilit\u00e9 du touriste d&rsquo;avoir le sien. <\/li>\n<li>Nous viendrons vous chercher \u00e0 votre h\u00f4tel ou lieu d&rsquo;h\u00e9bergement 15 \u00e0 10 minutes avant l&rsquo;heure pr\u00e9vue. Le guide portera une carte d&rsquo;identification avec le logo et le nom de la soci\u00e9t\u00e9 pour faciliter son identification. <\/li>\n<\/ul>\n<h3>Que dois-je apporter ?<\/h3>\n<p>&nbsp;<\/p>\n<p>Pour la visite d&rsquo;une journ\u00e9e compl\u00e8te des sites embl\u00e9matiques de Rapa Nui, il est recommand\u00e9 d&rsquo;apporter :<\/p>\n<ul>\n<li>Des chaussures de marche confortables.<\/li>\n<li>V\u00eatements l\u00e9gers et respirants.<\/li>\n<li>Protection solaire (cr\u00e8me solaire, chapeau, lunettes de soleil)<\/li>\n<li>Eau et en-cas<\/li>\n<li>Appareil photo ou t\u00e9l\u00e9phone pour les photos.<\/li>\n<li>Une veste ou un coupe-vent (pour le temps variable)<\/li>\n<li>Un sac r\u00e9utilisable pour les objets personnels ou les d\u00e9chets.<\/li>\n<\/ul>\n<h3>Politique d&rsquo;annulation<\/h3>\n<p>&nbsp;<\/p>\n<ul>\n<li>Nous facturons 100 % de frais d&rsquo;annulation si vous annulez votre r\u00e9servation un jour ou plus t\u00f4t avant le d\u00e9but de l&rsquo;\u00e9v\u00e9nement.<\/li>\n<li>Nous facturons des frais d&rsquo;annulation de 0% si vous annulez votre r\u00e9servation 1000 jours ou plus avant le d\u00e9but de l&rsquo;\u00e9v\u00e9nement.<\/li>\n<\/ul>\n<h3>Plus d&rsquo;informations<\/h3>\n<p>&nbsp;<\/p>\n<ul>\n<li><strong>Type d&rsquo;exp\u00e9rience :<\/strong> Visite priv\u00e9e \/ Activit\u00e9<\/li>\n<li><strong>R\u00e9servez \u00e0 l&rsquo;avance :<\/strong> Heure de cl\u00f4ture des r\u00e9servations : 4 heures<\/li>\n<li><strong>Dur\u00e9e :<\/strong> 6 heures<\/li>\n<li><strong>Difficult\u00e9 :<\/strong> facile<\/li>\n<\/ul>\n","protected":false},"excerpt":{"rendered":"<p>Ce circuit vous permettra de parcourir une grande partie de l&rsquo;\u00eele, en d\u00e9couvrant la c\u00f4te ouest, qui rec\u00e8le des tr\u00e9sors arch\u00e9ologiques incroyables et uniques qui racontent l&rsquo;histoire et la splendeur de la civilisation Rapa Nui.<br \/>\nVous pourrez visiter les lieux les plus embl\u00e9matiques de l&rsquo;\u00eele, dont les plus grands moais de Polyn\u00e9sie, l&rsquo;Ahu Tongariki, ainsi que Rano Raraku, le lieu mythique o\u00f9 \u00e9taient fabriqu\u00e9s les moais, parmi tant d&rsquo;autres.<br \/>\nD\u00e9couvrez le d\u00e9but, l&rsquo;apog\u00e9e et la chute de la civilisation, ainsi que les conflits civils.<\/p>\n","protected":false},"featured_media":1893,"comment_status":"open","ping_status":"closed","template":"","meta":{"_acf_changed":false,"site-sidebar-layout":"default","site-content-layout":"","ast-site-content-layout":"default","site-content-style":"default","site-sidebar-style":"default","ast-global-header-display":"","ast-banner-title-visibility":"","ast-main-header-display":"","ast-hfb-above-header-display":"","ast-hfb-below-header-display":"","ast-hfb-mobile-header-display":"","site-post-title":"","ast-breadcrumbs-content":"","ast-featured-img":"","footer-sml-layout":"","ast-disable-related-posts":"","theme-transparent-header-meta":"default","adv-header-id-meta":"","stick-header-meta":"","header-above-stick-meta":"","header-main-stick-meta":"","header-below-stick-meta":"","astra-migrate-meta-layouts":"set","ast-page-background-enabled":"default","ast-page-background-meta":{"desktop":{"background-color":"var(--ast-global-color-5)","background-image":"","background-repeat":"repeat","background-position":"center center","background-size":"auto","background-attachment":"scroll","background-type":"","background-media":"","overlay-type":"","overlay-color":"","overlay-opacity":"","overlay-gradient":""},"tablet":{"background-color":"","background-image":"","background-repeat":"repeat","background-position":"center center","background-size":"auto","background-attachment":"scroll","background-type":"","background-media":"","overlay-type":"","overlay-color":"","overlay-opacity":"","overlay-gradient":""},"mobile":{"background-color":"","background-image":"","background-repeat":"repeat","background-position":"center center","background-size":"auto","background-attachment":"scroll","background-type":"","background-media":"","overlay-type":"","overlay-color":"","overlay-opacity":"","overlay-gradient":""}},"ast-content-background-meta":{"desktop":{"background-color":"var(--ast-global-color-4)","background-image":"","background-repeat":"repeat","background-position":"center center","background-size":"auto","background-attachment":"scroll","background-type":"","background-media":"","overlay-type":"","overlay-color":"","overlay-opacity":"","overlay-gradient":""},"tablet":{"background-color":"var(--ast-global-color-4)","background-image":"","background-repeat":"repeat","background-position":"center center","background-size":"auto","background-attachment":"scroll","background-type":"","background-media":"","overlay-type":"","overlay-color":"","overlay-opacity":"","overlay-gradient":""},"mobile":{"background-color":"var(--ast-global-color-4)","background-image":"","background-repeat":"repeat","background-position":"center center","background-size":"auto","background-attachment":"scroll","background-type":"","background-media":"","overlay-type":"","overlay-color":"","overlay-opacity":"","overlay-gradient":""}},"_joinchat":[]},"product_brand":[],"product_cat":[53,68],"product_tag":[],"class_list":{"0":"post-2475","1":"product","2":"type-product","3":"status-publish","4":"has-post-thumbnail","6":"product_cat-excursions-dune-journee","7":"product_cat-visites-privees","8":"desktop-align-left","9":"tablet-align-left","10":"mobile-align-left","12":"first","13":"instock","14":"featured","15":"virtual","16":"sold-individually","17":"purchasable","18":"product-type-booking"},"acf":[],"_links":{"self":[{"href":"https:\/\/kapuatours.cl\/fr\/wp-json\/wp\/v2\/product\/2475","targetHints":{"allow":["GET"]}}],"collection":[{"href":"https:\/\/kapuatours.cl\/fr\/wp-json\/wp\/v2\/product"}],"about":[{"href":"https:\/\/kapuatours.cl\/fr\/wp-json\/wp\/v2\/types\/product"}],"replies":[{"embeddable":true,"href":"https:\/\/kapuatours.cl\/fr\/wp-json\/wp\/v2\/comments?post=2475"}],"version-history":[{"count":3,"href":"https:\/\/kapuatours.cl\/fr\/wp-json\/wp\/v2\/product\/2475\/revisions"}],"predecessor-version":[{"id":6928,"href":"https:\/\/kapuatours.cl\/fr\/wp-json\/wp\/v2\/product\/2475\/revisions\/6928"}],"wp:featuredmedia":[{"embeddable":true,"href":"https:\/\/kapuatours.cl\/fr\/wp-json\/wp\/v2\/media\/1893"}],"wp:attachment":[{"href":"https:\/\/kapuatours.cl\/fr\/wp-json\/wp\/v2\/media?parent=2475"}],"wp:term":[{"taxonomy":"product_brand","embeddable":true,"href":"https:\/\/kapuatours.cl\/fr\/wp-json\/wp\/v2\/product_brand?post=2475"},{"taxonomy":"product_cat","embeddable":true,"href":"https:\/\/kapuatours.cl\/fr\/wp-json\/wp\/v2\/product_cat?post=2475"},{"taxonomy":"product_tag","embeddable":true,"href":"https:\/\/kapuatours.cl\/fr\/wp-json\/wp\/v2\/product_tag?post=2475"}],"curies":[{"name":"wp","href":"https:\/\/api.w.org\/{rel}","templated":true}]}}