{"id":6877,"date":"2025-10-18T23:17:42","date_gmt":"2025-10-18T23:17:42","guid":{"rendered":"https:\/\/kapuatours.cl\/producto\/excursion-dune-journee-visite-de-la-fabrique-de-moai\/"},"modified":"2025-10-19T00:01:42","modified_gmt":"2025-10-19T00:01:42","slug":"excursion-dune-journee-visite-de-la-fabrique-de-moai","status":"publish","type":"product","link":"https:\/\/kapuatours.cl\/fr\/producto\/excursion-dune-journee-visite-de-la-fabrique-de-moai\/","title":{"rendered":"Excursion d&rsquo;une journ\u00e9e : visite de la fabrique de Moai"},"content":{"rendered":"<h3>Qu&rsquo;est-ce qui est inclus dans le prix ?<\/h3>\n<p>&nbsp;<\/p>\n<ul>\n<li>V\u00e9hicule climatis\u00e9<\/li>\n<li>Guide autochtone certifi\u00e9<\/li>\n<\/ul>\n<h3>Remarques importantes<\/h3>\n<p>&nbsp;<\/p>\n<ul>\n<li>Les b\u00e9b\u00e9s doivent \u00eatre assis sur les genoux de leurs parents.<\/li>\n<li>Non accessible aux fauteuils roulants.<\/li>\n<li>Non accessible aux poussettes.<\/li>\n<li>Ne convient pas aux animaux domestiques.<\/li>\n<li>Il n&rsquo;y a pas de transport public \u00e0 proximit\u00e9.<\/li>\n<li>Il n&rsquo;y a pas de si\u00e8ge b\u00e9b\u00e9 disponible.<\/li>\n<li><strong>Point de rencontre :<\/strong> R\u00e9ception ou entr\u00e9e principale de votre h\u00f4tel. Si vous s\u00e9journez en dehors de la zone urbaine, un autre point de rencontre sera organis\u00e9. <\/li>\n<li><strong>Ponctualit\u00e9 :<\/strong> Le temps d&rsquo;attente maximum est de 5 minutes par passager. Veuillez \u00eatre pr\u00eat 10 minutes \u00e0 l&rsquo;avance pour \u00e9viter tout retard. <\/li>\n<li><strong>Billet pour le parc national :<\/strong> il doit \u00eatre achet\u00e9 \u00e0 l&rsquo;avance en ligne, car nous ne passons pas par le bureau de vente. Le billet doit obligatoirement \u00eatre accompagn\u00e9 du passeport ou de la carte d&rsquo;identit\u00e9 utilis\u00e9s lors de l&rsquo;achat, car ils sont n\u00e9cessaires pour entrer dans les sites arch\u00e9ologiques. <\/li>\n<\/ul>\n<h3>Que dois-je apporter ?<\/h3>\n<p>&nbsp;<\/p>\n<ul>\n<li>V\u00eatements confortables et chaussures ferm\u00e9es (une partie de l&rsquo;itin\u00e9raire se d\u00e9roule sur un terrain accident\u00e9).<\/li>\n<li>Veste l\u00e9g\u00e8re ou coupe-vent (le temps peut changer rapidement).<\/li>\n<li>Protection solaire : cr\u00e8me solaire, chapeau et eau suppl\u00e9mentaire.<\/li>\n<li>Soyez pr\u00eat \u00e0 temps pour que l&rsquo;exp\u00e9rience se d\u00e9roule sans heurts et en temps voulu.<\/li>\n<\/ul>\n<h3>Politique d&rsquo;annulation<\/h3>\n<p>&nbsp;<\/p>\n<ul>\n<li>Nous facturons 100 % de frais d&rsquo;annulation si vous annulez votre r\u00e9servation un jour ou plus avant le d\u00e9but de l&rsquo;excursion.<\/li>\n<li>Des frais d&rsquo;annulation de 0 % seront factur\u00e9s si vous annulez votre r\u00e9servation 1000 jours ou plus avant le d\u00e9but du voyage.<\/li>\n<\/ul>\n<h3>Plus d&rsquo;informations<\/h3>\n<p>&nbsp;<\/p>\n<ul>\n<li><strong>Type d&rsquo;exp\u00e9rience :<\/strong> Circuit \/ Activit\u00e9 de jour<\/li>\n<li><strong>R\u00e9servez \u00e0 l&rsquo;avance :<\/strong> Heure de cl\u00f4ture des r\u00e9servations : 10 heures.<\/li>\n<li><strong>Dur\u00e9e :<\/strong> 6 heures<\/li>\n<li><strong>Difficult\u00e9 :<\/strong> Facile<\/li>\n<\/ul>\n","protected":false},"excerpt":{"rendered":"<p>Ce circuit propose une immersion totale dans l&rsquo;histoire et l&rsquo;\u00e2me de Rapa Nui, en visitant les sites les plus embl\u00e9matiques de l&rsquo;\u00eele. Vous visiterez la carri\u00e8re sacr\u00e9e de Rano Raraku, o\u00f9 sont n\u00e9s les Moai, Ahu Tongariki, avec ses 15 statues imposantes, et Anakena, la plage paradisiaque o\u00f9 l&rsquo;histoire du premier roi a commenc\u00e9. Vous d\u00e9couvrirez \u00e9galement des sites symboliques comme Akahanga et Te Pito Kura. Avec un guide local certifi\u00e9 et un transport confortable, vous vivrez une exp\u00e9rience profonde, visuellement \u00e9poustouflante et pleine d&rsquo;histoires ancestrales que vous ne trouverez dans aucun autre circuit.   <\/p>\n","protected":false},"featured_media":6744,"comment_status":"open","ping_status":"closed","template":"","meta":{"_acf_changed":false,"site-sidebar-layout":"default","site-content-layout":"","ast-site-content-layout":"default","site-content-style":"default","site-sidebar-style":"default","ast-global-header-display":"","ast-banner-title-visibility":"","ast-main-header-display":"","ast-hfb-above-header-display":"","ast-hfb-below-header-display":"","ast-hfb-mobile-header-display":"","site-post-title":"","ast-breadcrumbs-content":"","ast-featured-img":"","footer-sml-layout":"","ast-disable-related-posts":"","theme-transparent-header-meta":"default","adv-header-id-meta":"","stick-header-meta":"","header-above-stick-meta":"","header-main-stick-meta":"","header-below-stick-meta":"","astra-migrate-meta-layouts":"default","ast-page-background-enabled":"default","ast-page-background-meta":{"desktop":{"background-color":"var(--ast-global-color-5)","background-image":"","background-repeat":"repeat","background-position":"center center","background-size":"auto","background-attachment":"scroll","background-type":"","background-media":"","overlay-type":"","overlay-color":"","overlay-opacity":"","overlay-gradient":""},"tablet":{"background-color":"","background-image":"","background-repeat":"repeat","background-position":"center center","background-size":"auto","background-attachment":"scroll","background-type":"","background-media":"","overlay-type":"","overlay-color":"","overlay-opacity":"","overlay-gradient":""},"mobile":{"background-color":"","background-image":"","background-repeat":"repeat","background-position":"center center","background-size":"auto","background-attachment":"scroll","background-type":"","background-media":"","overlay-type":"","overlay-color":"","overlay-opacity":"","overlay-gradient":""}},"ast-content-background-meta":{"desktop":{"background-color":"var(--ast-global-color-4)","background-image":"","background-repeat":"repeat","background-position":"center center","background-size":"auto","background-attachment":"scroll","background-type":"","background-media":"","overlay-type":"","overlay-color":"","overlay-opacity":"","overlay-gradient":""},"tablet":{"background-color":"var(--ast-global-color-4)","background-image":"","background-repeat":"repeat","background-position":"center center","background-size":"auto","background-attachment":"scroll","background-type":"","background-media":"","overlay-type":"","overlay-color":"","overlay-opacity":"","overlay-gradient":""},"mobile":{"background-color":"var(--ast-global-color-4)","background-image":"","background-repeat":"repeat","background-position":"center center","background-size":"auto","background-attachment":"scroll","background-type":"","background-media":"","overlay-type":"","overlay-color":"","overlay-opacity":"","overlay-gradient":""}},"_joinchat":[]},"product_brand":[],"product_cat":[66],"product_tag":[],"class_list":{"0":"post-6877","1":"product","2":"type-product","3":"status-publish","4":"has-post-thumbnail","6":"product_cat-voyages-en-groupe","7":"desktop-align-left","8":"tablet-align-left","9":"mobile-align-left","11":"first","12":"instock","13":"virtual","14":"sold-individually","15":"purchasable","16":"product-type-booking"},"acf":[],"_links":{"self":[{"href":"https:\/\/kapuatours.cl\/fr\/wp-json\/wp\/v2\/product\/6877","targetHints":{"allow":["GET"]}}],"collection":[{"href":"https:\/\/kapuatours.cl\/fr\/wp-json\/wp\/v2\/product"}],"about":[{"href":"https:\/\/kapuatours.cl\/fr\/wp-json\/wp\/v2\/types\/product"}],"replies":[{"embeddable":true,"href":"https:\/\/kapuatours.cl\/fr\/wp-json\/wp\/v2\/comments?post=6877"}],"version-history":[{"count":1,"href":"https:\/\/kapuatours.cl\/fr\/wp-json\/wp\/v2\/product\/6877\/revisions"}],"predecessor-version":[{"id":6899,"href":"https:\/\/kapuatours.cl\/fr\/wp-json\/wp\/v2\/product\/6877\/revisions\/6899"}],"wp:featuredmedia":[{"embeddable":true,"href":"https:\/\/kapuatours.cl\/fr\/wp-json\/wp\/v2\/media\/6744"}],"wp:attachment":[{"href":"https:\/\/kapuatours.cl\/fr\/wp-json\/wp\/v2\/media?parent=6877"}],"wp:term":[{"taxonomy":"product_brand","embeddable":true,"href":"https:\/\/kapuatours.cl\/fr\/wp-json\/wp\/v2\/product_brand?post=6877"},{"taxonomy":"product_cat","embeddable":true,"href":"https:\/\/kapuatours.cl\/fr\/wp-json\/wp\/v2\/product_cat?post=6877"},{"taxonomy":"product_tag","embeddable":true,"href":"https:\/\/kapuatours.cl\/fr\/wp-json\/wp\/v2\/product_tag?post=6877"}],"curies":[{"name":"wp","href":"https:\/\/api.w.org\/{rel}","templated":true}]}}