{"id":6881,"date":"2025-10-18T23:18:44","date_gmt":"2025-10-18T23:18:44","guid":{"rendered":"https:\/\/kapuatours.cl\/producto\/excursion-dune-demi-journee-orongo-la-cite-des-rois-et-lhomme-oiseau\/"},"modified":"2025-10-18T23:51:05","modified_gmt":"2025-10-18T23:51:05","slug":"excursion-dune-demi-journee-orongo-la-cite-des-rois-et-lhomme-oiseau","status":"publish","type":"product","link":"https:\/\/kapuatours.cl\/fr\/producto\/excursion-dune-demi-journee-orongo-la-cite-des-rois-et-lhomme-oiseau\/","title":{"rendered":"Excursion d&rsquo;une demi-journ\u00e9e : Orongo, la cit\u00e9 des rois et l&rsquo;homme-oiseau"},"content":{"rendered":"<h3>Qu&rsquo;est-ce qui est inclus dans le prix ?<\/h3>\n<p>&nbsp;<\/p>\n<ul>\n<li>V\u00e9hicule climatis\u00e9<\/li>\n<li>Guide autochtone certifi\u00e9<\/li>\n<\/ul>\n<h3>Il ne comprend pas<\/h3>\n<p>&nbsp;<\/p>\n<ul>\n<li>Alimentation et boissons<\/li>\n<li>Billet d&rsquo;entr\u00e9e au parc national de Rapa Nui<\/li>\n<li>D\u00e9jeuner<\/li>\n<\/ul>\n<h3>Remarques importantes<\/h3>\n<p>&nbsp;<\/p>\n<ul>\n<li>Les animaux d&rsquo;assistance sont autoris\u00e9s.<\/li>\n<li>Les b\u00e9b\u00e9s doivent \u00eatre assis sur les genoux de leurs parents.<\/li>\n<li>Non accessible aux fauteuils roulants.<\/li>\n<li>Non accessible aux poussettes.<\/li>\n<li>Il n&rsquo;y a pas de transport public \u00e0 proximit\u00e9.<\/li>\n<li>Il n&rsquo;y a pas de si\u00e8ge b\u00e9b\u00e9 disponible.<\/li>\n<li><strong>Heure de prise en charge :<\/strong> 09:00 hrs.<\/li>\n<li><strong>Point de rencontre :<\/strong> R\u00e9ception ou entr\u00e9e principale de votre logement. Si vous \u00eates en dehors de la zone urbaine, un point de rencontre \u00e0 proximit\u00e9 sera organis\u00e9. <\/li>\n<li><strong>Ponctualit\u00e9 :<\/strong> Le temps d&rsquo;attente maximum est de 5 minutes par passager afin d&rsquo;\u00e9viter les retards dans le groupe. Il est recommand\u00e9 d&rsquo;\u00eatre pr\u00eat 10 minutes avant l&rsquo;heure indiqu\u00e9e. <\/li>\n<li>Le guide arrivera dans une <strong>camionnette blanche portant le logo Kapua Tours &amp; Experience<\/strong> et confirmera votre nom avant le d\u00e9but de l&rsquo;excursion.<\/li>\n<li><strong>Billet pour le parc national :<\/strong> il doit \u00eatre achet\u00e9 \u00e0 l&rsquo;avance en ligne, car nous ne passons pas par le bureau de vente. Le billet doit obligatoirement \u00eatre accompagn\u00e9 de la carte d&rsquo;identit\u00e9 ou du passeport utilis\u00e9 lors de l&rsquo;achat. <\/li>\n<\/ul>\n<h3>Politique d&rsquo;annulation<\/h3>\n<p>&nbsp;<\/p>\n<ul>\n<li>Nous facturons 100 % de frais d&rsquo;annulation si vous annulez votre r\u00e9servation un jour ou plus avant le d\u00e9but de l&rsquo;excursion.<\/li>\n<li>Des frais d&rsquo;annulation de 0 % seront factur\u00e9s si vous annulez votre r\u00e9servation 1000 jours ou plus avant le d\u00e9but du voyage.<\/li>\n<\/ul>\n<h3>Plus d&rsquo;informations<\/h3>\n<p>&nbsp;<\/p>\n<ul>\n<li><strong>Type d&rsquo;exp\u00e9rience :<\/strong> Circuit \/ Activit\u00e9 de jour<\/li>\n<li><strong>R\u00e9servez \u00e0 l&rsquo;avance :<\/strong> Heure de cl\u00f4ture des r\u00e9servations : 5 heures<\/li>\n<li><strong>Dur\u00e9e :<\/strong> 2 heures et 30 minutes<\/li>\n<li><strong>Difficult\u00e9 :<\/strong> Facile<\/li>\n<\/ul>\n","protected":false},"excerpt":{"rendered":"<p>Ce circuit est une plong\u00e9e profonde dans le c\u00f4t\u00e9 le plus spirituel, le plus \u00e9nigmatique et le plus spectaculaire de Rapa Nui. En une demi-journ\u00e9e seulement, vous visiterez <strong>Vinapu<\/strong>, dont l&rsquo;architecture pr\u00e9cise fait na\u00eetre des th\u00e9ories sur d&rsquo;anciens contacts ; vous contemplerez le <strong>crat\u00e8re sacr\u00e9 de Rano Kau<\/strong>, avec son lagon et ses falaises surplombant le Pacifique ; et vous explorerez <strong>Orongo<\/strong>, le village c\u00e9r\u00e9moniel de l&rsquo;homme-oiseau, o\u00f9 se d\u00e9roulait le rituel le plus important de l&rsquo;\u00eele. <\/p>\n<p>Id\u00e9al pour ceux qui cherchent \u00e0 comprendre la cosmovision Rapa Nui \u00e0 travers ses paysages les plus sacr\u00e9s et ses l\u00e9gendes ancestrales.<\/p>\n","protected":false},"featured_media":6759,"comment_status":"open","ping_status":"closed","template":"","meta":{"_acf_changed":false,"site-sidebar-layout":"default","site-content-layout":"","ast-site-content-layout":"default","site-content-style":"default","site-sidebar-style":"default","ast-global-header-display":"","ast-banner-title-visibility":"","ast-main-header-display":"","ast-hfb-above-header-display":"","ast-hfb-below-header-display":"","ast-hfb-mobile-header-display":"","site-post-title":"","ast-breadcrumbs-content":"","ast-featured-img":"","footer-sml-layout":"","ast-disable-related-posts":"","theme-transparent-header-meta":"default","adv-header-id-meta":"","stick-header-meta":"","header-above-stick-meta":"","header-main-stick-meta":"","header-below-stick-meta":"","astra-migrate-meta-layouts":"default","ast-page-background-enabled":"default","ast-page-background-meta":{"desktop":{"background-color":"var(--ast-global-color-5)","background-image":"","background-repeat":"repeat","background-position":"center center","background-size":"auto","background-attachment":"scroll","background-type":"","background-media":"","overlay-type":"","overlay-color":"","overlay-opacity":"","overlay-gradient":""},"tablet":{"background-color":"","background-image":"","background-repeat":"repeat","background-position":"center center","background-size":"auto","background-attachment":"scroll","background-type":"","background-media":"","overlay-type":"","overlay-color":"","overlay-opacity":"","overlay-gradient":""},"mobile":{"background-color":"","background-image":"","background-repeat":"repeat","background-position":"center center","background-size":"auto","background-attachment":"scroll","background-type":"","background-media":"","overlay-type":"","overlay-color":"","overlay-opacity":"","overlay-gradient":""}},"ast-content-background-meta":{"desktop":{"background-color":"var(--ast-global-color-4)","background-image":"","background-repeat":"repeat","background-position":"center center","background-size":"auto","background-attachment":"scroll","background-type":"","background-media":"","overlay-type":"","overlay-color":"","overlay-opacity":"","overlay-gradient":""},"tablet":{"background-color":"var(--ast-global-color-4)","background-image":"","background-repeat":"repeat","background-position":"center center","background-size":"auto","background-attachment":"scroll","background-type":"","background-media":"","overlay-type":"","overlay-color":"","overlay-opacity":"","overlay-gradient":""},"mobile":{"background-color":"var(--ast-global-color-4)","background-image":"","background-repeat":"repeat","background-position":"center center","background-size":"auto","background-attachment":"scroll","background-type":"","background-media":"","overlay-type":"","overlay-color":"","overlay-opacity":"","overlay-gradient":""}},"_joinchat":[]},"product_brand":[],"product_cat":[66],"product_tag":[],"class_list":{"0":"post-6881","1":"product","2":"type-product","3":"status-publish","4":"has-post-thumbnail","6":"product_cat-voyages-en-groupe","7":"desktop-align-left","8":"tablet-align-left","9":"mobile-align-left","11":"first","12":"instock","13":"virtual","14":"sold-individually","15":"purchasable","16":"product-type-booking"},"acf":[],"_links":{"self":[{"href":"https:\/\/kapuatours.cl\/fr\/wp-json\/wp\/v2\/product\/6881","targetHints":{"allow":["GET"]}}],"collection":[{"href":"https:\/\/kapuatours.cl\/fr\/wp-json\/wp\/v2\/product"}],"about":[{"href":"https:\/\/kapuatours.cl\/fr\/wp-json\/wp\/v2\/types\/product"}],"replies":[{"embeddable":true,"href":"https:\/\/kapuatours.cl\/fr\/wp-json\/wp\/v2\/comments?post=6881"}],"version-history":[{"count":1,"href":"https:\/\/kapuatours.cl\/fr\/wp-json\/wp\/v2\/product\/6881\/revisions"}],"predecessor-version":[{"id":6898,"href":"https:\/\/kapuatours.cl\/fr\/wp-json\/wp\/v2\/product\/6881\/revisions\/6898"}],"wp:featuredmedia":[{"embeddable":true,"href":"https:\/\/kapuatours.cl\/fr\/wp-json\/wp\/v2\/media\/6759"}],"wp:attachment":[{"href":"https:\/\/kapuatours.cl\/fr\/wp-json\/wp\/v2\/media?parent=6881"}],"wp:term":[{"taxonomy":"product_brand","embeddable":true,"href":"https:\/\/kapuatours.cl\/fr\/wp-json\/wp\/v2\/product_brand?post=6881"},{"taxonomy":"product_cat","embeddable":true,"href":"https:\/\/kapuatours.cl\/fr\/wp-json\/wp\/v2\/product_cat?post=6881"},{"taxonomy":"product_tag","embeddable":true,"href":"https:\/\/kapuatours.cl\/fr\/wp-json\/wp\/v2\/product_tag?post=6881"}],"curies":[{"name":"wp","href":"https:\/\/api.w.org\/{rel}","templated":true}]}}