{"id":6885,"date":"2025-10-18T23:19:38","date_gmt":"2025-10-18T23:19:38","guid":{"rendered":"https:\/\/kapuatours.cl\/producto\/lever-de-soleil-a-tongariki\/"},"modified":"2025-10-18T23:51:05","modified_gmt":"2025-10-18T23:51:05","slug":"lever-de-soleil-a-tongariki","status":"publish","type":"product","link":"https:\/\/kapuatours.cl\/fr\/producto\/lever-de-soleil-a-tongariki\/","title":{"rendered":"Lever de soleil \u00e0 Tongariki"},"content":{"rendered":"<h3>Qu&rsquo;est-ce qui est inclus dans le prix ?<\/h3>\n<p>&nbsp;<\/p>\n<ul>\n<li>Transport priv\u00e9<\/li>\n<li>Guide autochtone certifi\u00e9<\/li>\n<\/ul>\n<h3>Remarques importantes<\/h3>\n<p>&nbsp;<\/p>\n<ul>\n<li>Les b\u00e9b\u00e9s doivent \u00eatre assis sur les genoux de leurs parents.<\/li>\n<li>Non accessible aux fauteuils roulants.<\/li>\n<li>Non accessible aux poussettes.<\/li>\n<li>Ne convient pas aux animaux domestiques.<\/li>\n<li>Il n&rsquo;y a pas de transport public \u00e0 proximit\u00e9.<\/li>\n<li>Il n&rsquo;y a pas de si\u00e8ge b\u00e9b\u00e9 disponible.<\/li>\n<li><strong>Point de rencontre :<\/strong> R\u00e9ception ou entr\u00e9e principale de votre logement. Si vous \u00eates en dehors de la zone urbaine, un point de rencontre \u00e0 proximit\u00e9 sera organis\u00e9. <\/li>\n<li><strong>Ponctualit\u00e9 :<\/strong> Le temps d&rsquo;attente maximum est de 5 minutes par passager. Il est essentiel d&rsquo;\u00eatre pr\u00eat \u00e0 l&rsquo;avance, car tout retard peut vous emp\u00eacher d&rsquo;arriver \u00e0 temps pour assister au lever du soleil. <\/li>\n<li><strong>Billet pour le parc national :<\/strong> doit \u00eatre achet\u00e9 en ligne \u00e0 l&rsquo;avance, car il n&rsquo;y a pas d&rsquo;arr\u00eat au guichet. Il est obligatoire d&rsquo;apporter le billet avec la m\u00eame pi\u00e8ce d&rsquo;identit\u00e9 que celle utilis\u00e9e lors de l&rsquo;achat. <\/li>\n<li><strong>Recommandation :<\/strong> portez des v\u00eatements chauds, car la temp\u00e9rature est basse au petit matin et le vent peut \u00eatre fort.<\/li>\n<\/ul>\n<h3>Politique d&rsquo;annulation<\/h3>\n<p>&nbsp;<\/p>\n<ul>\n<li>Nous facturons 100 % de frais d&rsquo;annulation si vous annulez votre r\u00e9servation un jour ou plus avant le d\u00e9but de l&rsquo;excursion.<\/li>\n<li>Des frais d&rsquo;annulation de 0 % seront factur\u00e9s si vous annulez votre r\u00e9servation 1000 jours ou plus avant le d\u00e9but du voyage.<\/li>\n<\/ul>\n<h3>Plus d&rsquo;informations<\/h3>\n<p>&nbsp;<\/p>\n<ul>\n<li><strong>Type d&rsquo;exp\u00e9rience :<\/strong> Circuit \/ Activit\u00e9 de jour<\/li>\n<li><strong>R\u00e9servez \u00e0 l&rsquo;avance :<\/strong> Heure de cl\u00f4ture des r\u00e9servations : 9 heures.<\/li>\n<li><strong>Dur\u00e9e :<\/strong> 2 heures et 30 minutes<\/li>\n<li><strong>Difficult\u00e9 :<\/strong> Facile<\/li>\n<\/ul>\n","protected":false},"excerpt":{"rendered":"<p>Cette excursion vous offre l&rsquo;occasion unique d&rsquo;assister \u00e0 l&rsquo;un des levers de soleil les plus \u00e9poustouflants au monde, dans un cadre charg\u00e9 d&rsquo;histoire et de spiritualit\u00e9. <strong>Ahu Tongariki<\/strong>, avec ses 15 moai imposants, prend vie avec les premi\u00e8res lueurs du jour, cr\u00e9ant un moment magique et unique.<\/p>\n<p>Avec le guide d&rsquo;un expert local et un transport confortable, vous profiterez d&rsquo;une exp\u00e9rience intime, parfaite pour vous connecter avec l&rsquo;essence de Rapa Nui et prendre des souvenirs et des photos inoubliables.<\/p>\n","protected":false},"featured_media":6777,"comment_status":"open","ping_status":"closed","template":"","meta":{"_acf_changed":false,"site-sidebar-layout":"default","site-content-layout":"","ast-site-content-layout":"default","site-content-style":"default","site-sidebar-style":"default","ast-global-header-display":"","ast-banner-title-visibility":"","ast-main-header-display":"","ast-hfb-above-header-display":"","ast-hfb-below-header-display":"","ast-hfb-mobile-header-display":"","site-post-title":"","ast-breadcrumbs-content":"","ast-featured-img":"","footer-sml-layout":"","ast-disable-related-posts":"","theme-transparent-header-meta":"default","adv-header-id-meta":"","stick-header-meta":"","header-above-stick-meta":"","header-main-stick-meta":"","header-below-stick-meta":"","astra-migrate-meta-layouts":"default","ast-page-background-enabled":"default","ast-page-background-meta":{"desktop":{"background-color":"var(--ast-global-color-5)","background-image":"","background-repeat":"repeat","background-position":"center center","background-size":"auto","background-attachment":"scroll","background-type":"","background-media":"","overlay-type":"","overlay-color":"","overlay-opacity":"","overlay-gradient":""},"tablet":{"background-color":"","background-image":"","background-repeat":"repeat","background-position":"center center","background-size":"auto","background-attachment":"scroll","background-type":"","background-media":"","overlay-type":"","overlay-color":"","overlay-opacity":"","overlay-gradient":""},"mobile":{"background-color":"","background-image":"","background-repeat":"repeat","background-position":"center center","background-size":"auto","background-attachment":"scroll","background-type":"","background-media":"","overlay-type":"","overlay-color":"","overlay-opacity":"","overlay-gradient":""}},"ast-content-background-meta":{"desktop":{"background-color":"var(--ast-global-color-4)","background-image":"","background-repeat":"repeat","background-position":"center center","background-size":"auto","background-attachment":"scroll","background-type":"","background-media":"","overlay-type":"","overlay-color":"","overlay-opacity":"","overlay-gradient":""},"tablet":{"background-color":"var(--ast-global-color-4)","background-image":"","background-repeat":"repeat","background-position":"center center","background-size":"auto","background-attachment":"scroll","background-type":"","background-media":"","overlay-type":"","overlay-color":"","overlay-opacity":"","overlay-gradient":""},"mobile":{"background-color":"var(--ast-global-color-4)","background-image":"","background-repeat":"repeat","background-position":"center center","background-size":"auto","background-attachment":"scroll","background-type":"","background-media":"","overlay-type":"","overlay-color":"","overlay-opacity":"","overlay-gradient":""}},"_joinchat":[]},"product_brand":[],"product_cat":[66],"product_tag":[],"class_list":{"0":"post-6885","1":"product","2":"type-product","3":"status-publish","4":"has-post-thumbnail","6":"product_cat-voyages-en-groupe","7":"desktop-align-left","8":"tablet-align-left","9":"mobile-align-left","11":"first","12":"instock","13":"virtual","14":"sold-individually","15":"purchasable","16":"product-type-booking"},"acf":[],"_links":{"self":[{"href":"https:\/\/kapuatours.cl\/fr\/wp-json\/wp\/v2\/product\/6885","targetHints":{"allow":["GET"]}}],"collection":[{"href":"https:\/\/kapuatours.cl\/fr\/wp-json\/wp\/v2\/product"}],"about":[{"href":"https:\/\/kapuatours.cl\/fr\/wp-json\/wp\/v2\/types\/product"}],"replies":[{"embeddable":true,"href":"https:\/\/kapuatours.cl\/fr\/wp-json\/wp\/v2\/comments?post=6885"}],"version-history":[{"count":1,"href":"https:\/\/kapuatours.cl\/fr\/wp-json\/wp\/v2\/product\/6885\/revisions"}],"predecessor-version":[{"id":6896,"href":"https:\/\/kapuatours.cl\/fr\/wp-json\/wp\/v2\/product\/6885\/revisions\/6896"}],"wp:featuredmedia":[{"embeddable":true,"href":"https:\/\/kapuatours.cl\/fr\/wp-json\/wp\/v2\/media\/6777"}],"wp:attachment":[{"href":"https:\/\/kapuatours.cl\/fr\/wp-json\/wp\/v2\/media?parent=6885"}],"wp:term":[{"taxonomy":"product_brand","embeddable":true,"href":"https:\/\/kapuatours.cl\/fr\/wp-json\/wp\/v2\/product_brand?post=6885"},{"taxonomy":"product_cat","embeddable":true,"href":"https:\/\/kapuatours.cl\/fr\/wp-json\/wp\/v2\/product_cat?post=6885"},{"taxonomy":"product_tag","embeddable":true,"href":"https:\/\/kapuatours.cl\/fr\/wp-json\/wp\/v2\/product_tag?post=6885"}],"curies":[{"name":"wp","href":"https:\/\/api.w.org\/{rel}","templated":true}]}}