{"id":6887,"date":"2025-10-18T23:19:14","date_gmt":"2025-10-18T23:19:14","guid":{"rendered":"https:\/\/kapuatours.cl\/producto\/excursion-dune-journee-orongo-et-les-refuges-volcaniques\/"},"modified":"2025-10-18T23:51:05","modified_gmt":"2025-10-18T23:51:05","slug":"excursion-dune-journee-orongo-et-les-refuges-volcaniques","status":"publish","type":"product","link":"https:\/\/kapuatours.cl\/fr\/producto\/excursion-dune-journee-orongo-et-les-refuges-volcaniques\/","title":{"rendered":"Excursion d&rsquo;une journ\u00e9e : Orongo et les refuges volcaniques"},"content":{"rendered":"<h3>Qu&rsquo;est-ce qui est inclus dans le prix ?<\/h3>\n<p>&nbsp;<\/p>\n<ul>\n<li>V\u00e9hicule climatis\u00e9<\/li>\n<li>Guide autochtone certifi\u00e9<\/li>\n<\/ul>\n<h3>Remarques importantes<\/h3>\n<p>&nbsp;<\/p>\n<ul>\n<li>Les b\u00e9b\u00e9s doivent \u00eatre assis sur les genoux de leurs parents.<\/li>\n<li>Non accessible aux fauteuils roulants.<\/li>\n<li>Non accessible aux poussettes.<\/li>\n<li>Ne convient pas aux animaux domestiques.<\/li>\n<li>Il n&rsquo;y a pas de transport public \u00e0 proximit\u00e9.<\/li>\n<li>Il n&rsquo;y a pas de si\u00e8ge b\u00e9b\u00e9 disponible.<\/li>\n<li><strong>Programme du matin (09:00 hrs) :<\/strong> Prise en charge pour visiter Vinapu &#8211; Rano Kau &#8211; Orongo.<\/li>\n<li><strong>Apr\u00e8s-midi (15h00) :<\/strong> Deuxi\u00e8me prise en charge pour la visite de Ana Te Pahu &#8211; Puna Pau &#8211; Ahu Akivi.<\/li>\n<li><strong>Ponctualit\u00e9 :<\/strong> Le temps d&rsquo;attente maximum est de 5 minutes par passager. Soyez pr\u00eat \u00e0 l&rsquo;avance pour ne pas retarder le groupe. <\/li>\n<li><strong>Billet pour le parc national :<\/strong> doit \u00eatre achet\u00e9 en ligne \u00e0 l&rsquo;avance, car il n&rsquo;y a pas d&rsquo;arr\u00eat au guichet. Il est obligatoire d&rsquo;apporter le billet avec le m\u00eame passeport ou la m\u00eame pi\u00e8ce d&rsquo;identit\u00e9 que celui ou celle utilis\u00e9(e) pour l&rsquo;achat. <\/li>\n<li><strong>Point de rencontre :<\/strong> R\u00e9ception ou entr\u00e9e principale de votre logement. Si vous \u00eates en dehors de la zone urbaine, un autre point de rencontre sera organis\u00e9. <\/li>\n<li><strong>Recommandations :<\/strong> V\u00eatements confortables, chaussures ferm\u00e9es et cr\u00e8me solaire. Pour l&rsquo;apr\u00e8s-midi, pensez \u00e0 apporter de l&rsquo;eau suppl\u00e9mentaire. <\/li>\n<li>Il est recommand\u00e9 d&rsquo;\u00eatre pr\u00eat 10 minutes avant chaque d\u00e9part pour garantir un d\u00e9part ponctuel.<\/li>\n<\/ul>\n<h3>Politique d&rsquo;annulation<\/h3>\n<p>&nbsp;<\/p>\n<ul>\n<li>Nous facturons 100 % de frais d&rsquo;annulation si vous annulez votre r\u00e9servation un jour ou plus avant le d\u00e9but de l&rsquo;excursion.<\/li>\n<li>Des frais d&rsquo;annulation de 0 % seront factur\u00e9s si vous annulez votre r\u00e9servation 1000 jours ou plus avant le d\u00e9but du voyage.<\/li>\n<\/ul>\n<h3>Plus d&rsquo;informations<\/h3>\n<p>&nbsp;<\/p>\n<ul>\n<li><strong>Type d&rsquo;exp\u00e9rience :<\/strong> Circuit \/ Activit\u00e9 de jour<\/li>\n<li>R\u00e9servez \u00e0 l<strong>&lsquo;avance :<\/strong> Heure de fermeture des r\u00e9servations : 6 heures<\/li>\n<li><strong>Dur\u00e9e :<\/strong> 5 heures et 30 minutes<\/li>\n<li><strong>Difficult\u00e9 :<\/strong> Facile<\/li>\n<\/ul>\n","protected":false},"excerpt":{"rendered":"<p>Ce circuit associe des paysages spectaculaires aux histoires les plus fascinantes de la culture Rapa Nui. En une seule journ\u00e9e, vous explorerez le <g id=\"gid_0\">crat\u00e8re sacr\u00e9 de Rano Kau<\/g>, le <g id=\"gid_1\">village c\u00e9r\u00e9moniel d&rsquo;Orongo<\/g> et le culte \u00e9nigmatique de l&rsquo;homme-oiseau. Vous p\u00e9n\u00e9trerez \u00e9galement dans des <strong>grottes volcaniques comme Ana Te Pahu<\/strong>, d\u00e9couvrirez la <strong>carri\u00e8re rouge de Puna Pau<\/strong> et visiterez <strong>Ahu Akivi<\/strong>, unique pour ses moai tourn\u00e9s vers la mer.  <\/p>\n<p>Avec un guide local certifi\u00e9, des transports confortables et des petits groupes, vous vivrez une exp\u00e9rience compl\u00e8te qui m\u00eale histoire, arch\u00e9ologie et nature au c\u0153ur de l&rsquo;\u00eele.<\/p>\n","protected":false},"featured_media":6762,"comment_status":"open","ping_status":"closed","template":"","meta":{"_acf_changed":false,"site-sidebar-layout":"default","site-content-layout":"","ast-site-content-layout":"default","site-content-style":"default","site-sidebar-style":"default","ast-global-header-display":"","ast-banner-title-visibility":"","ast-main-header-display":"","ast-hfb-above-header-display":"","ast-hfb-below-header-display":"","ast-hfb-mobile-header-display":"","site-post-title":"","ast-breadcrumbs-content":"","ast-featured-img":"","footer-sml-layout":"","ast-disable-related-posts":"","theme-transparent-header-meta":"default","adv-header-id-meta":"","stick-header-meta":"","header-above-stick-meta":"","header-main-stick-meta":"","header-below-stick-meta":"","astra-migrate-meta-layouts":"default","ast-page-background-enabled":"default","ast-page-background-meta":{"desktop":{"background-color":"var(--ast-global-color-5)","background-image":"","background-repeat":"repeat","background-position":"center center","background-size":"auto","background-attachment":"scroll","background-type":"","background-media":"","overlay-type":"","overlay-color":"","overlay-opacity":"","overlay-gradient":""},"tablet":{"background-color":"","background-image":"","background-repeat":"repeat","background-position":"center center","background-size":"auto","background-attachment":"scroll","background-type":"","background-media":"","overlay-type":"","overlay-color":"","overlay-opacity":"","overlay-gradient":""},"mobile":{"background-color":"","background-image":"","background-repeat":"repeat","background-position":"center center","background-size":"auto","background-attachment":"scroll","background-type":"","background-media":"","overlay-type":"","overlay-color":"","overlay-opacity":"","overlay-gradient":""}},"ast-content-background-meta":{"desktop":{"background-color":"var(--ast-global-color-4)","background-image":"","background-repeat":"repeat","background-position":"center center","background-size":"auto","background-attachment":"scroll","background-type":"","background-media":"","overlay-type":"","overlay-color":"","overlay-opacity":"","overlay-gradient":""},"tablet":{"background-color":"var(--ast-global-color-4)","background-image":"","background-repeat":"repeat","background-position":"center center","background-size":"auto","background-attachment":"scroll","background-type":"","background-media":"","overlay-type":"","overlay-color":"","overlay-opacity":"","overlay-gradient":""},"mobile":{"background-color":"var(--ast-global-color-4)","background-image":"","background-repeat":"repeat","background-position":"center center","background-size":"auto","background-attachment":"scroll","background-type":"","background-media":"","overlay-type":"","overlay-color":"","overlay-opacity":"","overlay-gradient":""}},"_joinchat":[]},"product_brand":[],"product_cat":[66],"product_tag":[],"class_list":{"0":"post-6887","1":"product","2":"type-product","3":"status-publish","4":"has-post-thumbnail","6":"product_cat-voyages-en-groupe","7":"desktop-align-left","8":"tablet-align-left","9":"mobile-align-left","11":"first","12":"instock","13":"virtual","14":"sold-individually","15":"purchasable","16":"product-type-booking"},"acf":[],"_links":{"self":[{"href":"https:\/\/kapuatours.cl\/fr\/wp-json\/wp\/v2\/product\/6887","targetHints":{"allow":["GET"]}}],"collection":[{"href":"https:\/\/kapuatours.cl\/fr\/wp-json\/wp\/v2\/product"}],"about":[{"href":"https:\/\/kapuatours.cl\/fr\/wp-json\/wp\/v2\/types\/product"}],"replies":[{"embeddable":true,"href":"https:\/\/kapuatours.cl\/fr\/wp-json\/wp\/v2\/comments?post=6887"}],"version-history":[{"count":1,"href":"https:\/\/kapuatours.cl\/fr\/wp-json\/wp\/v2\/product\/6887\/revisions"}],"predecessor-version":[{"id":6897,"href":"https:\/\/kapuatours.cl\/fr\/wp-json\/wp\/v2\/product\/6887\/revisions\/6897"}],"wp:featuredmedia":[{"embeddable":true,"href":"https:\/\/kapuatours.cl\/fr\/wp-json\/wp\/v2\/media\/6762"}],"wp:attachment":[{"href":"https:\/\/kapuatours.cl\/fr\/wp-json\/wp\/v2\/media?parent=6887"}],"wp:term":[{"taxonomy":"product_brand","embeddable":true,"href":"https:\/\/kapuatours.cl\/fr\/wp-json\/wp\/v2\/product_brand?post=6887"},{"taxonomy":"product_cat","embeddable":true,"href":"https:\/\/kapuatours.cl\/fr\/wp-json\/wp\/v2\/product_cat?post=6887"},{"taxonomy":"product_tag","embeddable":true,"href":"https:\/\/kapuatours.cl\/fr\/wp-json\/wp\/v2\/product_tag?post=6887"}],"curies":[{"name":"wp","href":"https:\/\/api.w.org\/{rel}","templated":true}]}}