{"id":6890,"date":"2025-10-18T23:20:04","date_gmt":"2025-10-18T23:20:04","guid":{"rendered":"https:\/\/kapuatours.cl\/producto\/2-jours-complets-et-lever-de-soleil-a-tongariki\/"},"modified":"2025-10-18T23:51:05","modified_gmt":"2025-10-18T23:51:05","slug":"2-jours-complets-et-lever-de-soleil-a-tongariki","status":"publish","type":"product","link":"https:\/\/kapuatours.cl\/fr\/producto\/2-jours-complets-et-lever-de-soleil-a-tongariki\/","title":{"rendered":"2 jours complets et lever de soleil \u00e0 Tongariki"},"content":{"rendered":"<h3>Qu&rsquo;est-ce qui est inclus dans le prix ?<\/h3>\n<p>&nbsp;<\/p>\n<ul>\n<li>Transport priv\u00e9<\/li>\n<li>Guide autochtone certifi\u00e9<\/li>\n<\/ul>\n<h3>Remarques importantes<\/h3>\n<p>&nbsp;<\/p>\n<ul>\n<li>Les animaux d&rsquo;assistance sont autoris\u00e9s.<\/li>\n<li>Non accessible aux fauteuils roulants.<\/li>\n<li>Non accessible aux poussettes.<\/li>\n<li>Il n&rsquo;y a pas de transport public \u00e0 proximit\u00e9.<\/li>\n<li>Les b\u00e9b\u00e9s <strong>ne doivent pas s&rsquo;asseoir sur les genoux<\/strong>.<\/li>\n<li>Il n&rsquo;y a pas de si\u00e8ge b\u00e9b\u00e9 disponible.<\/li>\n<li><strong>Billet pour le parc national :<\/strong> doit \u00eatre achet\u00e9 en ligne \u00e0 l&rsquo;avance, car il n&rsquo;y a pas d&rsquo;arr\u00eat au bureau de vente. Chaque voyageur doit apporter son billet (num\u00e9rique ou imprim\u00e9) ainsi que le m\u00eame document que celui utilis\u00e9 lors de l&rsquo;achat. <\/li>\n<li><strong>Point de rencontre :<\/strong> R\u00e9ception ou entr\u00e9e principale de votre h\u00e9bergement \u00e0 Hanga Roa. Si vous \u00eates en dehors de la zone urbaine, un point de rencontre \u00e0 proximit\u00e9 sera organis\u00e9. <\/li>\n<li><strong>Ponctualit\u00e9 :<\/strong> Soyez pr\u00eat 10 minutes avant l&rsquo;heure confirm\u00e9e. Le temps d&rsquo;attente maximum est de 5 minutes par passager ; afin de ne pas retarder le groupe, la visite se poursuivra sans remboursement. Si vous arrivez en retard, vous pourrez rattraper le groupe par vos propres moyens.  <\/li>\n<li><strong>Confirmation pr\u00e9alable :<\/strong> La veille, nous vous contacterons par WhatsApp pour confirmer l&rsquo;heure exacte et le lieu de prise en charge. Il est important d&rsquo;avoir un num\u00e9ro op\u00e9rationnel. <\/li>\n<li><strong>Lever du soleil \u00e0 Tongariki :<\/strong> L&rsquo;heure de prise en charge est ajust\u00e9e en fonction de l&rsquo;heure du lever du soleil (environ 05:30-06:00, selon la saison).<\/li>\n<li><strong>V\u00eatements :<\/strong> Portez une veste chaude, car il peut faire froid et y avoir du vent t\u00f4t le matin.<\/li>\n<li><strong>Jour 2 &#8211; Orongo &amp; Cuevas (deux ramassages) :<\/strong>\n<ul>\n<li><strong>Matin (09:00 hrs) :<\/strong> Prise en charge pour visiter Vinapu &#8211; Rano Kau &#8211; Orongo.<\/li>\n<li><strong>D\u00e9jeuner :<\/strong> Pause libre (d\u00e9jeuner non inclus). Retour \u00e0 votre h\u00e9bergement ou au point convenu. <\/li>\n<li><strong>Apr\u00e8s-midi (15h00) :<\/strong> Deuxi\u00e8me prise en charge pour visiter Ana Te Pahu &#8211; Puna Pau &#8211; Ahu Akivi.<\/li>\n<li>La r\u00e8gle des 5 minutes d&rsquo;attente s&rsquo;applique aux deux prises en charge.<\/li>\n<\/ul>\n<\/li>\n<li><strong>Variations :<\/strong> L&rsquo;ordre des visites et les horaires peuvent varier en fonction des conditions m\u00e9t\u00e9orologiques et des op\u00e9rations.<\/li>\n<li><strong>Recommandations :<\/strong> Chaussures ferm\u00e9es, cr\u00e8me solaire, chapeau, eau suppl\u00e9mentaire et pi\u00e8ce d&rsquo;identit\u00e9.<\/li>\n<\/ul>\n<h3>Politique d&rsquo;annulation<\/h3>\n<p>&nbsp;<\/p>\n<ul>\n<li>Nous facturons 100 % de frais d&rsquo;annulation si vous annulez votre r\u00e9servation un jour ou plus avant le d\u00e9but de l&rsquo;excursion.<\/li>\n<li>Des frais d&rsquo;annulation de 0 % seront factur\u00e9s si vous annulez votre r\u00e9servation 1000 jours ou plus avant le d\u00e9but du voyage.<\/li>\n<\/ul>\n<h3>Plus d&rsquo;informations<\/h3>\n<p>&nbsp;<\/p>\n<ul>\n<li><strong>Type d&rsquo;exp\u00e9rience :<\/strong> Circuit de plusieurs jours<\/li>\n<li><strong>R\u00e9servez \u00e0 l&rsquo;avance :<\/strong> Heure de cl\u00f4ture des r\u00e9servations : 12 heures<\/li>\n<li><strong>Dur\u00e9e :<\/strong> 3 jours<\/li>\n<li><strong>Difficult\u00e9 :<\/strong> Facile<\/li>\n<\/ul>\n","protected":false},"excerpt":{"rendered":"<p>Ce circuit est le moyen le plus complet de d\u00e9couvrir Rapa Nui en quelques jours. Il combine deux jours d&rsquo;exploration des sites arch\u00e9ologiques et naturels les plus importants de l&rsquo;\u00eele, ainsi que le <strong>lever de soleil<\/strong> magique <strong>\u00e0 Ahu Tongariki<\/strong>, consid\u00e9r\u00e9 comme l&rsquo;un des plus beaux au monde. <\/p>\n<p>Au cours de cette excursion, vous visiterez des <strong>carri\u00e8res, des crat\u00e8res, des grottes volcaniques, des plates-formes c\u00e9r\u00e9monielles et des plages paradisiaques<\/strong>, en compagnie d&rsquo;un guide local certifi\u00e9 qui vous fera revivre chaque histoire et l\u00e9gende ancestrale.<\/p>\n<p>La combinaison parfaite de la <strong>culture, de la nature et de la spiritualit\u00e9<\/strong> fait de ce circuit une exp\u00e9rience unique. Vous voyagerez confortablement, en petits groupes, et vous aurez tout le temps n\u00e9cessaire pour explorer, apprendre et vous forger des souvenirs inoubliables sur l&rsquo;\u00eele habit\u00e9e la plus isol\u00e9e de la plan\u00e8te. <\/p>\n","protected":false},"featured_media":6792,"comment_status":"open","ping_status":"closed","template":"","meta":{"_acf_changed":false,"site-sidebar-layout":"default","site-content-layout":"","ast-site-content-layout":"default","site-content-style":"default","site-sidebar-style":"default","ast-global-header-display":"","ast-banner-title-visibility":"","ast-main-header-display":"","ast-hfb-above-header-display":"","ast-hfb-below-header-display":"","ast-hfb-mobile-header-display":"","site-post-title":"","ast-breadcrumbs-content":"","ast-featured-img":"","footer-sml-layout":"","ast-disable-related-posts":"","theme-transparent-header-meta":"default","adv-header-id-meta":"","stick-header-meta":"","header-above-stick-meta":"","header-main-stick-meta":"","header-below-stick-meta":"","astra-migrate-meta-layouts":"default","ast-page-background-enabled":"default","ast-page-background-meta":{"desktop":{"background-color":"var(--ast-global-color-5)","background-image":"","background-repeat":"repeat","background-position":"center center","background-size":"auto","background-attachment":"scroll","background-type":"","background-media":"","overlay-type":"","overlay-color":"","overlay-opacity":"","overlay-gradient":""},"tablet":{"background-color":"","background-image":"","background-repeat":"repeat","background-position":"center center","background-size":"auto","background-attachment":"scroll","background-type":"","background-media":"","overlay-type":"","overlay-color":"","overlay-opacity":"","overlay-gradient":""},"mobile":{"background-color":"","background-image":"","background-repeat":"repeat","background-position":"center center","background-size":"auto","background-attachment":"scroll","background-type":"","background-media":"","overlay-type":"","overlay-color":"","overlay-opacity":"","overlay-gradient":""}},"ast-content-background-meta":{"desktop":{"background-color":"var(--ast-global-color-4)","background-image":"","background-repeat":"repeat","background-position":"center center","background-size":"auto","background-attachment":"scroll","background-type":"","background-media":"","overlay-type":"","overlay-color":"","overlay-opacity":"","overlay-gradient":""},"tablet":{"background-color":"var(--ast-global-color-4)","background-image":"","background-repeat":"repeat","background-position":"center center","background-size":"auto","background-attachment":"scroll","background-type":"","background-media":"","overlay-type":"","overlay-color":"","overlay-opacity":"","overlay-gradient":""},"mobile":{"background-color":"var(--ast-global-color-4)","background-image":"","background-repeat":"repeat","background-position":"center center","background-size":"auto","background-attachment":"scroll","background-type":"","background-media":"","overlay-type":"","overlay-color":"","overlay-opacity":"","overlay-gradient":""}},"_joinchat":[]},"product_brand":[],"product_cat":[66],"product_tag":[],"class_list":{"0":"post-6890","1":"product","2":"type-product","3":"status-publish","4":"has-post-thumbnail","6":"product_cat-voyages-en-groupe","7":"desktop-align-left","8":"tablet-align-left","9":"mobile-align-left","11":"first","12":"instock","13":"virtual","14":"sold-individually","15":"purchasable","16":"product-type-booking"},"acf":[],"_links":{"self":[{"href":"https:\/\/kapuatours.cl\/fr\/wp-json\/wp\/v2\/product\/6890","targetHints":{"allow":["GET"]}}],"collection":[{"href":"https:\/\/kapuatours.cl\/fr\/wp-json\/wp\/v2\/product"}],"about":[{"href":"https:\/\/kapuatours.cl\/fr\/wp-json\/wp\/v2\/types\/product"}],"replies":[{"embeddable":true,"href":"https:\/\/kapuatours.cl\/fr\/wp-json\/wp\/v2\/comments?post=6890"}],"version-history":[{"count":1,"href":"https:\/\/kapuatours.cl\/fr\/wp-json\/wp\/v2\/product\/6890\/revisions"}],"predecessor-version":[{"id":6895,"href":"https:\/\/kapuatours.cl\/fr\/wp-json\/wp\/v2\/product\/6890\/revisions\/6895"}],"wp:featuredmedia":[{"embeddable":true,"href":"https:\/\/kapuatours.cl\/fr\/wp-json\/wp\/v2\/media\/6792"}],"wp:attachment":[{"href":"https:\/\/kapuatours.cl\/fr\/wp-json\/wp\/v2\/media?parent=6890"}],"wp:term":[{"taxonomy":"product_brand","embeddable":true,"href":"https:\/\/kapuatours.cl\/fr\/wp-json\/wp\/v2\/product_brand?post=6890"},{"taxonomy":"product_cat","embeddable":true,"href":"https:\/\/kapuatours.cl\/fr\/wp-json\/wp\/v2\/product_cat?post=6890"},{"taxonomy":"product_tag","embeddable":true,"href":"https:\/\/kapuatours.cl\/fr\/wp-json\/wp\/v2\/product_tag?post=6890"}],"curies":[{"name":"wp","href":"https:\/\/api.w.org\/{rel}","templated":true}]}}